{"id":95545,"date":"2025-06-12T09:07:59","date_gmt":"2025-06-12T13:07:59","guid":{"rendered":"https:\/\/nbliberal.ca\/cap-pele-event\/"},"modified":"2025-06-12T09:16:01","modified_gmt":"2025-06-12T13:16:01","slug":"cap-pele-event","status":"publish","type":"page","link":"https:\/\/nbliberal.ca\/fr\/cap-pele-event\/","title":{"rendered":"\u00c9v\u00e9nement \u00e0 Cap-Pel\u00e9"},"content":{"rendered":"\n<p>Date : 14 ao\u00fbt 2025<br>Heure : de 17h00 \u00e0 19h00<br>Lieu : Cap-Pel\u00e9<br>Prix : 1 000,00 $<\/p>\n\n\n\n<p><a href=\"https:\/\/nbliberal.ca\/fr\/dons\/?donate_amount=autre&#038;other_amount=1000&#038;riding=Association+lib%C3%A9rale+du+Nouveau-Brunswick#gf_10\"><strong><span style=\"text-decoration: underline;\">Cliquez ici pour acheter des billets !<\/span><\/strong><\/a><\/p>\n\n\n\n<p>Pour plus d\u2019informations, veuillez contacter <a href=\"mailto:ryan.moore@nbliberal.ca\">ryan.moore@nbliberal.ca<\/a>.<\/p>\n","protected":false},"excerpt":{"rendered":"<p>Date : 14 ao\u00fbt 2025Heure : de 17h00 \u00e0 19h00Lieu : Cap-Pel\u00e9Prix : 1 000,00 $ Cliquez ici pour acheter des billets ! Pour plus d\u2019informations, veuillez contacter ryan.moore@nbliberal.ca.<\/p>\n","protected":false},"author":17,"featured_media":0,"parent":0,"menu_order":0,"comment_status":"closed","ping_status":"closed","template":"","meta":{"_seopress_robots_primary_cat":"","_seopress_titles_title":"","_seopress_titles_desc":"","_seopress_robots_index":"","_price":"","_stock":"","_tribe_ticket_header":"","_tribe_default_ticket_provider":"","_tribe_ticket_capacity":"0","_ticket_start_date":"","_ticket_end_date":"","_tribe_ticket_show_description":"","_tribe_ticket_show_not_going":false,"_tribe_ticket_use_global_stock":"","_tribe_ticket_global_stock_level":"","_global_stock_mode":"","_global_stock_cap":"","_tribe_rsvp_for_event":"","_tribe_ticket_going_count":"","_tribe_ticket_not_going_count":"","_tribe_tickets_list":"[]","_tribe_ticket_has_attendee_info_fields":false,"footnotes":"","_tec_slr_enabled":"","_tec_slr_layout":""},"class_list":["post-95545","page","type-page","status-publish","hentry"],"meta_box":[],"ticketed":false,"_links":{"self":[{"href":"https:\/\/nbliberal.ca\/fr\/wp-json\/wp\/v2\/pages\/95545","targetHints":{"allow":["GET"]}}],"collection":[{"href":"https:\/\/nbliberal.ca\/fr\/wp-json\/wp\/v2\/pages"}],"about":[{"href":"https:\/\/nbliberal.ca\/fr\/wp-json\/wp\/v2\/types\/page"}],"author":[{"embeddable":true,"href":"https:\/\/nbliberal.ca\/fr\/wp-json\/wp\/v2\/users\/17"}],"replies":[{"embeddable":true,"href":"https:\/\/nbliberal.ca\/fr\/wp-json\/wp\/v2\/comments?post=95545"}],"version-history":[{"count":2,"href":"https:\/\/nbliberal.ca\/fr\/wp-json\/wp\/v2\/pages\/95545\/revisions"}],"predecessor-version":[{"id":95548,"href":"https:\/\/nbliberal.ca\/fr\/wp-json\/wp\/v2\/pages\/95545\/revisions\/95548"}],"wp:attachment":[{"href":"https:\/\/nbliberal.ca\/fr\/wp-json\/wp\/v2\/media?parent=95545"}],"curies":[{"name":"wp","href":"https:\/\/api.w.org\/{rel}","templated":true}]}}