{"id":91170,"date":"2025-02-25T13:03:48","date_gmt":"2025-02-25T18:03:48","guid":{"rendered":"https:\/\/nbliberal.ca\/reception-with-premier-susan-holt\/"},"modified":"2025-02-25T13:07:03","modified_gmt":"2025-02-25T18:07:03","slug":"reception-avec-la-premiere-ministre-susan-holt","status":"publish","type":"page","link":"https:\/\/nbliberal.ca\/fr\/reception-avec-la-premiere-ministre-susan-holt\/","title":{"rendered":"R\u00e9ception avec la premi\u00e8re ministre Susan Holt"},"content":{"rendered":"\n<p>Venez rencontrer une invit\u00e9e tr\u00e8s sp\u00e9ciale, la premi\u00e8re ministre Susan Holt, \u00e0 la demeure de Shawn Graham et de Dre Roxanne Reeves.<\/p>\n\n\n\n<p>Date : 19 mars 2025<br>Heure : 18h00 \u00e0 20h00<br>Prix: $1000*<\/p>\n\n\n\n<p>Veuillez indiquer \u00ab 19 mars \u00bb dans les notes<\/p>\n\n\n\n<p><a href=\"https:\/\/nbliberal.ca\/fr\/dons\/?ot_mon=une-fois&amp;donate_amount=autre&amp;other_amount=1000\"><strong>Acheter des billets ici<\/strong><\/a><\/p>\n","protected":false},"excerpt":{"rendered":"<p>Venez rencontrer une invit\u00e9e tr\u00e8s sp\u00e9ciale, la premi\u00e8re ministre Susan Holt, \u00e0 la demeure de Shawn Graham et de Dre Roxanne Reeves. Date : 19 mars 2025Heure : 18h00 \u00e0 [&hellip;]<\/p>\n","protected":false},"author":17,"featured_media":0,"parent":0,"menu_order":0,"comment_status":"closed","ping_status":"closed","template":"","meta":{"_seopress_robots_primary_cat":"","_seopress_titles_title":"","_seopress_titles_desc":"","_seopress_robots_index":"","_price":"","_stock":"","_tribe_ticket_header":"","_tribe_default_ticket_provider":"","_tribe_ticket_capacity":"0","_ticket_start_date":"","_ticket_end_date":"","_tribe_ticket_show_description":"","_tribe_ticket_show_not_going":false,"_tribe_ticket_use_global_stock":"","_tribe_ticket_global_stock_level":"","_global_stock_mode":"","_global_stock_cap":"","_tribe_rsvp_for_event":"","_tribe_ticket_going_count":"","_tribe_ticket_not_going_count":"","_tribe_tickets_list":"[]","_tribe_ticket_has_attendee_info_fields":false,"footnotes":"","_tec_slr_enabled":"","_tec_slr_layout":""},"class_list":["post-91170","page","type-page","status-publish","hentry"],"meta_box":[],"ticketed":false,"_links":{"self":[{"href":"https:\/\/nbliberal.ca\/fr\/wp-json\/wp\/v2\/pages\/91170","targetHints":{"allow":["GET"]}}],"collection":[{"href":"https:\/\/nbliberal.ca\/fr\/wp-json\/wp\/v2\/pages"}],"about":[{"href":"https:\/\/nbliberal.ca\/fr\/wp-json\/wp\/v2\/types\/page"}],"author":[{"embeddable":true,"href":"https:\/\/nbliberal.ca\/fr\/wp-json\/wp\/v2\/users\/17"}],"replies":[{"embeddable":true,"href":"https:\/\/nbliberal.ca\/fr\/wp-json\/wp\/v2\/comments?post=91170"}],"version-history":[{"count":2,"href":"https:\/\/nbliberal.ca\/fr\/wp-json\/wp\/v2\/pages\/91170\/revisions"}],"predecessor-version":[{"id":91173,"href":"https:\/\/nbliberal.ca\/fr\/wp-json\/wp\/v2\/pages\/91170\/revisions\/91173"}],"wp:attachment":[{"href":"https:\/\/nbliberal.ca\/fr\/wp-json\/wp\/v2\/media?parent=91170"}],"curies":[{"name":"wp","href":"https:\/\/api.w.org\/{rel}","templated":true}]}}