{"id":22903,"date":"2024-10-04T17:37:58","date_gmt":"2024-10-04T21:37:58","guid":{"rendered":"https:\/\/nbliberal.ca\/?page_id=22903"},"modified":"2024-10-15T13:24:48","modified_gmt":"2024-10-15T17:24:48","slug":"saintjohn","status":"publish","type":"page","link":"https:\/\/nbliberal.ca\/fr\/saintjohn\/","title":{"rendered":"Saint John Landing Page"},"content":{"rendered":"\n<section class=\"wp-block-wp-expert-new-wpe-hero-section hero-section\"> <img loading=\"lazy\" decoding=\"async\" width=\"2560\" height=\"1217\" src=\"https:\/\/nbliberal.ca\/wp-content\/uploads\/sjmastehead-scaled.jpg\" class=\"hero-section__img wp-image-22727\" alt=\"sjmastehead\" srcset=\"https:\/\/nbliberal.ca\/wp-content\/uploads\/sjmastehead-scaled.jpg 2560w, https:\/\/nbliberal.ca\/wp-content\/uploads\/sjmastehead-300x143.jpg 300w, https:\/\/nbliberal.ca\/wp-content\/uploads\/sjmastehead-1024x487.jpg 1024w, https:\/\/nbliberal.ca\/wp-content\/uploads\/sjmastehead-768x365.jpg 768w, https:\/\/nbliberal.ca\/wp-content\/uploads\/sjmastehead-1536x730.jpg 1536w, https:\/\/nbliberal.ca\/wp-content\/uploads\/sjmastehead-2048x974.jpg 2048w\" sizes=\"auto, (max-width: 2560px) 100vw, 2560px\" \/> <div class=\"container\">\n<div class=\"wp-block-group is-vertical is-layout-flex wp-container-core-group-is-layout-5f9f5280 wp-block-group-is-layout-flex\">\n<h1 style=\"color:white\">Nous sommes ax\u00e9s sur vous.<\/h1>\n\n\n\n<p style=\"color:var(--brand-color-1);font-size:2.2rem;text-transform:uppercase;order:-1\">Saint John<\/p>\n\n\n\n<p style=\"color:white;font-size:var(--h2-s)\">Il est temps pour de v\u00e9ritables changements \u00e0 Saint John.<br><\/p>\n<\/div>\n<\/div> <a class=\"scroll-more\" href=\"#next-section\"><p>Scroll<\/p><svg xmlns=\"http:\/\/www.w3.org\/2000\/svg\" width=\"26.44\" height=\"15.56\" viewBox=\"0 0 26.44 15.56\"> <path fill=\"none\" stroke=\"#fff\" stroke-width=\"2\" d=\"M.732.682l12.49 13.416L25.712.682\"><\/path> <\/svg><\/a> <\/section>\n\n\n\n<section id=\"next-section\" class=\"wp-block-wp-expert-new-wpe-section-container\">\n<div class=\"wp-block-wp-expert-new-wpe-container container\">\n<div class=\"grid grid-2-3 grid-1-tab-l     \" style=\"gap:calc(var(--grid-gap) * 2);align-items:center\">\n<div class=\"wp-block-group is-vertical is-layout-flex wp-container-core-group-is-layout-fe9cc265 wp-block-group-is-layout-flex\">\n<h2 style=\"color:var(--brand-color-5);font-size:var(--h1-s);max-width:500px\">Un logement abordable pour tous<\/h2>\n\n\n\n<p>Le logement \u00e0 Saint John est devenu trop cher, laissant de nombreuses familles dans l\u2019impossibilit\u00e9 de trouver un logement abordable. Notre plan pr\u00e9voit :<br><br>Instaurer un plafond de l\u2019augmentation des loyers pour prot\u00e9ger les locataires.<br><br>Construire 30 000 nouveaux logements d\u2019ici 2030 pour assurer des options de logement abordable \u00e0 tous.<br><br>R\u00e9former le syst\u00e8me d\u2019imp\u00f4ts fonciers afin d\u2019en assurer la stabilit\u00e9 et l\u2019\u00e9quit\u00e9.<br><br>Retirer la TVP de la construction d\u2019immeubles \u00e0 logements multiples pour encourager les projets de construction de logements abordables \u00e0 Saint John.<br><br>Assurons-nous qu\u2019\u00e0 Saint John, chacun ait un endroit s\u00e9curitaire et abordable o\u00f9 vivre.<span id=\"docs-internal-guid-a6dbd4f7-7fff-0d9e-bf69-e7e2d244aa4c\"><div><span style=\"font-size: 11pt; font-family: &quot;Proxima Nova&quot;, sans-serif; color: rgb(0, 0, 0); background-color: transparent; font-variant-numeric: normal; font-variant-east-asian: normal; font-variant-alternates: normal; font-variant-position: normal; vertical-align: baseline;\"><\/span><\/div><\/span><\/p>\n\n\n\n<div class=\"wp-block-buttons is-layout-flex wp-block-buttons-is-layout-flex\"><\/div>\n<\/div>\n\n\n\n<figure class=\"wp-block-image size-full\"><img loading=\"lazy\" decoding=\"async\" width=\"1964\" height=\"1308\" src=\"https:\/\/nbliberal.ca\/wp-content\/uploads\/sj_housing.jpg\" alt=\"Affordable Housing for All\" class=\"wp-image-22730\" srcset=\"https:\/\/nbliberal.ca\/wp-content\/uploads\/sj_housing.jpg 1964w, https:\/\/nbliberal.ca\/wp-content\/uploads\/sj_housing-300x200.jpg 300w, https:\/\/nbliberal.ca\/wp-content\/uploads\/sj_housing-1024x682.jpg 1024w, https:\/\/nbliberal.ca\/wp-content\/uploads\/sj_housing-768x511.jpg 768w, https:\/\/nbliberal.ca\/wp-content\/uploads\/sj_housing-1536x1023.jpg 1536w\" sizes=\"auto, (max-width: 1964px) 100vw, 1964px\" \/><\/figure>\n\n\n\n<hr class=\"wp-block-separator has-alpha-channel-opacity\"\/>\n<\/div>\n\n\n\n<div class=\"grid grid-2-3 grid-1-tab-l     \" style=\"gap:calc(var(--grid-gap) * 2);align-items:center\">\n<div class=\"wp-block-group is-vertical is-layout-flex wp-container-core-group-is-layout-fe9cc265 wp-block-group-is-layout-flex\">\n<h2 style=\"color:var(--brand-color-5);font-size:var(--h1-s);max-width:500px\">Rendre la vie plus abordable<\/h2>\n\n\n\n<p>L\u2019augmentation du cout de la vie frappe durement les familles de Saint John et notre engagement \u00e0 rendre la vie plus abordable apportera un r\u00e9el soulagement. Notre plan pr\u00e9voit :\u00a0<br><br>Retirer la TVP de vos factures r\u00e9sidentielles d\u2019\u00e9lectricit\u00e9 afin de r\u00e9duire les couts \u00e9nerg\u00e9tiques de 10 %.<br><br>Offrir des petits-d\u00e9jeuners nutritifs gratuits et des diners nutritifs \u00e0 contribution volontaire, selon les moyens, \u00e0 tous les \u00e9l\u00e8ves du Nouveau-Brunswick et en utilisant autant que possible des aliments locaux produits dans la province.<br><br>\u00c9liminer la taxe de Higgs sur l\u2019essence pour vous permettre d\u2019\u00e9conomiser \u00e0 la pompe.<\/p>\n\n\n\n<div class=\"wp-block-buttons is-layout-flex wp-block-buttons-is-layout-flex\"><\/div>\n<\/div>\n\n\n\n<figure class=\"wp-block-image size-full\"><img loading=\"lazy\" decoding=\"async\" width=\"1964\" height=\"1308\" src=\"https:\/\/nbliberal.ca\/wp-content\/uploads\/sj_affordability.jpg\" alt=\"Making Life More Affordable\" class=\"wp-image-22732\" srcset=\"https:\/\/nbliberal.ca\/wp-content\/uploads\/sj_affordability.jpg 1964w, https:\/\/nbliberal.ca\/wp-content\/uploads\/sj_affordability-300x200.jpg 300w, https:\/\/nbliberal.ca\/wp-content\/uploads\/sj_affordability-1024x682.jpg 1024w, https:\/\/nbliberal.ca\/wp-content\/uploads\/sj_affordability-768x511.jpg 768w, https:\/\/nbliberal.ca\/wp-content\/uploads\/sj_affordability-1536x1023.jpg 1536w\" sizes=\"auto, (max-width: 1964px) 100vw, 1964px\" \/><\/figure>\n\n\n\n<hr class=\"wp-block-separator has-alpha-channel-opacity\"\/>\n<\/div>\n\n\n\n<div class=\"grid grid-2-3 grid-1-tab-l     \" style=\"gap:calc(var(--grid-gap) * 2);align-items:center\">\n<div class=\"wp-block-group is-vertical is-layout-flex wp-container-core-group-is-layout-fe9cc265 wp-block-group-is-layout-flex\">\n<h2 style=\"color:var(--brand-color-5);font-size:var(--h1-s);max-width:500px\">Des soins de sant\u00e9 adapt\u00e9s \u00e0 vos besoins<\/h2>\n\n\n\n<p>Les temps d\u2019attente pour les soins de sant\u00e9 \u00e0 Saint John sont trop longs et de nombreuses familles n\u2019y ont pas acc\u00e8s. Un gouvernement Holt pr\u00e9voit :<br><br>Cr\u00e9er des cliniques de soins communautaires \u00e0 Saint John, rassemblant m\u00e9decins, infirmi\u00e8res, professionnels de la sant\u00e9 mentale et autres pour vous offrir des soins plus rapidement et pr\u00e8s de chez vous.<br><br>R\u00e9duire les temps d\u2019attente pour les m\u00e9decins de famille et les services d\u2019urgence afin que vous puissiez obtenir l\u2019aide dont vous avez besoin au moment o\u00f9 vous en avez besoin.<br><br>Soutenir les travailleurs de la sant\u00e9 en am\u00e9liorant leurs conditions de travail afin qu&rsquo;ils puissent se concentrer sur vos soins et non sur les t\u00e2ches administratives.<br><br>Nous sommes d\u00e9termin\u00e9s \u00e0 am\u00e9liorer le syst\u00e8me de sant\u00e9 de Saint John et \u00e0 prioriser votre sant\u00e9.<span id=\"docs-internal-guid-03de90cd-7fff-bad4-bb5b-406d249ff517\"><div><span style=\"font-size: 11pt; font-family: &quot;Proxima Nova&quot;, sans-serif; color: rgb(0, 0, 0); background-color: transparent; font-variant-numeric: normal; font-variant-east-asian: normal; font-variant-alternates: normal; font-variant-position: normal; vertical-align: baseline;\"><\/span><\/div><\/span><\/p>\n\n\n\n<div class=\"wp-block-buttons is-layout-flex wp-block-buttons-is-layout-flex\"><\/div>\n<\/div>\n\n\n\n<figure class=\"wp-block-image size-full\"><img loading=\"lazy\" decoding=\"async\" width=\"1964\" height=\"1308\" src=\"https:\/\/nbliberal.ca\/wp-content\/uploads\/sj_healthcare-1.jpg\" alt=\"Healthcare That Works for You\" class=\"wp-image-22736\" srcset=\"https:\/\/nbliberal.ca\/wp-content\/uploads\/sj_healthcare-1.jpg 1964w, https:\/\/nbliberal.ca\/wp-content\/uploads\/sj_healthcare-1-300x200.jpg 300w, https:\/\/nbliberal.ca\/wp-content\/uploads\/sj_healthcare-1-1024x682.jpg 1024w, https:\/\/nbliberal.ca\/wp-content\/uploads\/sj_healthcare-1-768x511.jpg 768w, https:\/\/nbliberal.ca\/wp-content\/uploads\/sj_healthcare-1-1536x1023.jpg 1536w\" sizes=\"auto, (max-width: 1964px) 100vw, 1964px\" \/><\/figure>\n<\/div>\n<\/div>\n<\/section>\n","protected":false},"excerpt":{"rendered":"","protected":false},"author":17,"featured_media":0,"parent":0,"menu_order":0,"comment_status":"closed","ping_status":"closed","template":"","meta":{"_seopress_robots_primary_cat":"","_seopress_titles_title":"","_seopress_titles_desc":"","_seopress_robots_index":"","_price":"","_stock":"","_tribe_ticket_header":"","_tribe_default_ticket_provider":"","_tribe_ticket_capacity":"0","_ticket_start_date":"","_ticket_end_date":"","_tribe_ticket_show_description":"","_tribe_ticket_show_not_going":false,"_tribe_ticket_use_global_stock":"","_tribe_ticket_global_stock_level":"","_global_stock_mode":"","_global_stock_cap":"","_tribe_rsvp_for_event":"","_tribe_ticket_going_count":"","_tribe_ticket_not_going_count":"","_tribe_tickets_list":"[]","_tribe_ticket_has_attendee_info_fields":false,"footnotes":"","_tec_slr_enabled":"","_tec_slr_layout":""},"class_list":["post-22903","page","type-page","status-publish","hentry"],"meta_box":[],"ticketed":false,"_links":{"self":[{"href":"https:\/\/nbliberal.ca\/fr\/wp-json\/wp\/v2\/pages\/22903","targetHints":{"allow":["GET"]}}],"collection":[{"href":"https:\/\/nbliberal.ca\/fr\/wp-json\/wp\/v2\/pages"}],"about":[{"href":"https:\/\/nbliberal.ca\/fr\/wp-json\/wp\/v2\/types\/page"}],"author":[{"embeddable":true,"href":"https:\/\/nbliberal.ca\/fr\/wp-json\/wp\/v2\/users\/17"}],"replies":[{"embeddable":true,"href":"https:\/\/nbliberal.ca\/fr\/wp-json\/wp\/v2\/comments?post=22903"}],"version-history":[{"count":5,"href":"https:\/\/nbliberal.ca\/fr\/wp-json\/wp\/v2\/pages\/22903\/revisions"}],"predecessor-version":[{"id":27686,"href":"https:\/\/nbliberal.ca\/fr\/wp-json\/wp\/v2\/pages\/22903\/revisions\/27686"}],"wp:attachment":[{"href":"https:\/\/nbliberal.ca\/fr\/wp-json\/wp\/v2\/media?parent=22903"}],"curies":[{"name":"wp","href":"https:\/\/api.w.org\/{rel}","templated":true}]}}