{"id":20787,"date":"2024-09-19T15:59:39","date_gmt":"2024-09-19T19:59:39","guid":{"rendered":"https:\/\/nbliberal.ca\/?page_id=20787"},"modified":"2024-09-20T09:27:42","modified_gmt":"2024-09-20T13:27:42","slug":"soinsdesante","status":"publish","type":"page","link":"https:\/\/nbliberal.ca\/fr\/soinsdesante\/","title":{"rendered":"Sant\u00e9"},"content":{"rendered":"\n<section class=\"wp-block-wp-expert-new-wpe-section-container\">\n<div class=\"wp-block-wp-expert-new-wpe-container container\">\n<div class=\"grid  grid-1-tab-l grid-reverse-columns-tab-l    \" style=\"gap:calc(var(u002du002dgrid-gap) * 2.5)\">\n<div class=\"wp-block-group is-vertical is-layout-flex wp-container-core-group-is-layout-fe9cc265 wp-block-group-is-layout-flex\">\n<p><strong>R\u00e9parer notre syst\u00e8me de sant\u00e9<br><\/strong><br>Depuis trop longtemps, notre syst\u00e8me de sant\u00e9 se porte mal et aucun plan pour rectifier la situation n\u2019a encore \u00e9t\u00e9 mis en place. Tant et aussi longtemps que nous ne mettrons pas en \u0153uvre des changements aussi importants qu\u2019audacieux, les N\u00e9o-Brunswickoises et les N\u00e9o-Brunswickois continueront \u00e0 rencontrer les m\u00eames difficult\u00e9s \u00e0 obtenir une place dans une clinique sans rendez-vous, les infirmi\u00e8res et les m\u00e9decins continueront de partir vers d\u2019autres provinces o\u00f9 ils sont davantage respect\u00e9s et nos listes d&rsquo;attente d\u00e9j\u00e0 interminables continueront de s&rsquo;allonger.<br><br>L\u2019\u00e9quipe Holt prendra soin de ceux qui prennent soin de nous et adoptera les changements n\u00e9cessaires pour que notre syst\u00e8me de sant\u00e9 fonctionne bien, autant pour nous que pour tous les professionnels de la sant\u00e9 qui y \u0153uvrent.<br><br><strong>Cr\u00e9er 30 nouvelles cliniques de soins communautaires<br><\/strong><br>L\u2019\u00e9quipe Holt r\u00e9duira les temps d\u2019attente en \u00e9tablissant au moins 30 cliniques de soins communautaires \u00e0 travers le Nouveau-Brunswick. Ces cliniques offriront, localement et au moment o\u00f9 vous en avez besoin, des soins collaboratifs offerts par une vari\u00e9t\u00e9 de professionnels de la sant\u00e9 r\u00e9unis en un seul endroit.<br><br>Nous fournirons \u00e0 ces cliniques de soins communautaires un soutien administratif, ainsi qu\u2019un personnel non clinique d\u00e9di\u00e9 aux t\u00e2ches administratives afin que les professionnels de la sant\u00e9 puissent se concentrer sur les patients et non sur la documentation administrative.<br><br><strong>Retenir et recruter les professionnels de la sant\u00e9<br><\/strong><br>Depuis beaucoup trop longtemps, Higgs manque gravement de respect envers les travailleurs de la sant\u00e9. L\u2019\u00e9quipe Holt offrira des primes de r\u00e9tention aux infirmi\u00e8res et am\u00e9liorera les conditions de travail pour tous les travailleurs de la sant\u00e9.<br><br>Nous offrirons une prime de 10 000 $ la premi\u00e8re ann\u00e9e et de 5 000 $ l\u2019ann\u00e9e suivante, \u00e0 toutes les infirmi\u00e8res praticiennes, infirmi\u00e8res autoris\u00e9es et infirmi\u00e8res auxiliaires autoris\u00e9es afin de reconnaitre leur important travail.<br><br>L\u2019\u00e9quipe Holt \u00e9laborera \u00e9galement un plan \u00e0 multiples volets pour tous les professionnels de la sant\u00e9 afin d&rsquo;am\u00e9liorer leurs conditions de travail, de prioriser le soutien \u00e0 leur bien-\u00eatre et d&rsquo;augmenter leur r\u00e9tention.<br><br><strong>Investir dans les soins de longue dur\u00e9e<\/strong><br><br>Les ain\u00e9s se sentent oubli\u00e9s. Pendant que plus de 1 100 ain\u00e9s attendent une place en \u00e9tablissement de soins de longue dur\u00e9e, 535 d\u2019entre eux sont forc\u00e9s de patienter dans un h\u00f4pital. Les ain\u00e9s et leurs familles m\u00e9ritent davantage d\u2019options et la possibilit\u00e9 de prendre avec dignit\u00e9 les d\u00e9cisions concernant leurs soins, mais le manque de ressources en soins de longue dur\u00e9e exerce actuellement sur eux et sur nos h\u00f4pitaux une pression \u00e9norme.<br><br>L\u2019\u00e9quipe Holt investira dans les soins \u00e0 domicile et dans les soins de longue dur\u00e9e en transf\u00e9rant les personnes qui attendent dans les h\u00f4pitaux vers un milieu plus appropri\u00e9. Cela permettra \u00e0 nos h\u00f4pitaux de disposer de l\u2019espace et de la capacit\u00e9 n\u00e9cessaires pour traiter les urgences et r\u00e9duire les temps d\u2019attente pour les chirurgies.<br><br><strong>L\u2019\u00e9quipe Holt est ax\u00e9e sur les soins de sant\u00e9 !<\/strong><br><span id=\"docs-internal-guid-f19435ae-7fff-b8a5-9645-27132d2c5867\"><div><span style=\"font-size: 11pt; font-family: &quot;Proxima Nova&quot;, sans-serif; color: rgb(0, 0, 0); background-color: transparent; font-weight: 700; font-variant-numeric: normal; font-variant-east-asian: normal; font-variant-alternates: normal; font-variant-position: normal; vertical-align: baseline;\"><\/span><span style=\"font-size: 11pt; font-family: &quot;Proxima Nova&quot;, sans-serif; color: rgb(0, 0, 0); background-color: transparent; font-weight: 700; font-variant-numeric: normal; font-variant-east-asian: normal; font-variant-alternates: normal; font-variant-position: normal; vertical-align: baseline;\"><\/span><\/div><\/span><\/p>\n\n\n\n<div class=\"wp-block-buttons is-layout-flex wp-block-buttons-is-layout-flex\">\n<div class=\"wp-block-button\"><a class=\"wp-block-button__link has-brand-1-background-color has-background wp-element-button\">Faire un don<\/a><\/div>\n<\/div>\n<\/div>\n\n\n\n<figure class=\"wp-block-image size-full\"><img loading=\"lazy\" decoding=\"async\" width=\"2560\" height=\"1707\" src=\"https:\/\/nbliberal.ca\/wp-content\/uploads\/doctor_final-1-scaled.jpg\" alt=\"\" class=\"wp-image-20740\" srcset=\"https:\/\/nbliberal.ca\/wp-content\/uploads\/doctor_final-1-scaled.jpg 2560w, https:\/\/nbliberal.ca\/wp-content\/uploads\/doctor_final-1-300x200.jpg 300w, https:\/\/nbliberal.ca\/wp-content\/uploads\/doctor_final-1-1024x683.jpg 1024w, https:\/\/nbliberal.ca\/wp-content\/uploads\/doctor_final-1-768x512.jpg 768w, https:\/\/nbliberal.ca\/wp-content\/uploads\/doctor_final-1-1536x1024.jpg 1536w, https:\/\/nbliberal.ca\/wp-content\/uploads\/doctor_final-1-2048x1365.jpg 2048w\" sizes=\"auto, (max-width: 2560px) 100vw, 2560px\" \/><\/figure>\n<\/div>\n<\/div>\n<\/section>\n\n\n\n<div class=\"wp-block-buttons is-layout-flex wp-block-buttons-is-layout-flex\"><\/div>\n\n\n\n<div style=\"height:100px\" aria-hidden=\"true\" class=\"wp-block-spacer\"><\/div>\n\n\n\n<section class=\"section-bg\"> <img loading=\"lazy\" decoding=\"async\" width=\"1920\" height=\"911\" src=\"https:\/\/nbliberal.ca\/wp-content\/uploads\/getinvolved_block.webp\" class=\"section-bg__img wp-image-10119\" alt=\"getinvolved block\" srcset=\"https:\/\/nbliberal.ca\/wp-content\/uploads\/getinvolved_block.webp 1920w, https:\/\/nbliberal.ca\/wp-content\/uploads\/getinvolved_block-300x142.webp 300w, https:\/\/nbliberal.ca\/wp-content\/uploads\/getinvolved_block-1024x486.webp 1024w, https:\/\/nbliberal.ca\/wp-content\/uploads\/getinvolved_block-768x364.webp 768w, https:\/\/nbliberal.ca\/wp-content\/uploads\/getinvolved_block-1536x729.webp 1536w\" sizes=\"auto, (max-width: 1920px) 100vw, 1920px\" \/> <div class=\"container \">\n<div class=\"wp-block-group max-w-fit has-white-background-color has-background is-vertical is-content-justification-stretch is-layout-flex wp-container-core-group-is-layout-db38eeec wp-block-group-is-layout-flex\" style=\"padding-top:3rem;padding-right:3rem;padding-bottom:3rem;padding-left:3rem\">\n<div class=\"wp-block-group is-content-justification-space-between is-nowrap is-layout-flex wp-container-core-group-is-layout-cb46ffcb wp-block-group-is-layout-flex\">\n<p style=\"color:var(--brand-color-1)\">FAIRE PARTIE DU CHANGEMENT<\/p>\n\n\n\n<figure class=\"wp-block-image size-full is-resized\"><img decoding=\"async\" src=\"https:\/\/nbliberal.ca\/wp-content\/uploads\/nbla_favicon.svg\" alt=\"nbla favicon\" class=\"wp-image-9938\" style=\"width:60px\"\/><\/figure>\n<\/div>\n\n\n\n<h2 style=\"color:var(--brand-color-5);font-size:var(--h1-s);max-width:700px\">Vous voulez faire votre part ? <br>Joignez-vous \u00e0 la vague de changement en devenant b\u00e9n\u00e9vole !<\/h2>\n\n\n\n<p style=\"max-width:500px\">Nous avons toujours besoin de b\u00e9n\u00e9voles pour nous aider \u00e0 organiser des \u00e9v\u00e9nements, \u00e0 faire du porte-\u00e0-porte et plus encore.<\/p>\n\n\n\n<a href=\"https:\/\/nbliberal.ca\/fr\/devenir-benevole\/\" class=\"wp-block-wp-expert-new-wpe-button btn\">Inscrivez-vous<\/a>\n<\/div>\n<\/div> <\/section>\n","protected":false},"excerpt":{"rendered":"","protected":false},"author":17,"featured_media":0,"parent":0,"menu_order":0,"comment_status":"closed","ping_status":"closed","template":"","meta":{"_seopress_robots_primary_cat":"","_seopress_titles_title":"","_seopress_titles_desc":"","_seopress_robots_index":"","_price":"","_stock":"","_tribe_ticket_header":"","_tribe_default_ticket_provider":"","_tribe_ticket_capacity":"0","_ticket_start_date":"","_ticket_end_date":"","_tribe_ticket_show_description":"","_tribe_ticket_show_not_going":false,"_tribe_ticket_use_global_stock":"","_tribe_ticket_global_stock_level":"","_global_stock_mode":"","_global_stock_cap":"","_tribe_rsvp_for_event":"","_tribe_ticket_going_count":"","_tribe_ticket_not_going_count":"","_tribe_tickets_list":"[]","_tribe_ticket_has_attendee_info_fields":false,"footnotes":"","_tec_slr_enabled":"","_tec_slr_layout":""},"class_list":["post-20787","page","type-page","status-publish","hentry"],"meta_box":[],"ticketed":false,"_links":{"self":[{"href":"https:\/\/nbliberal.ca\/fr\/wp-json\/wp\/v2\/pages\/20787","targetHints":{"allow":["GET"]}}],"collection":[{"href":"https:\/\/nbliberal.ca\/fr\/wp-json\/wp\/v2\/pages"}],"about":[{"href":"https:\/\/nbliberal.ca\/fr\/wp-json\/wp\/v2\/types\/page"}],"author":[{"embeddable":true,"href":"https:\/\/nbliberal.ca\/fr\/wp-json\/wp\/v2\/users\/17"}],"replies":[{"embeddable":true,"href":"https:\/\/nbliberal.ca\/fr\/wp-json\/wp\/v2\/comments?post=20787"}],"version-history":[{"count":5,"href":"https:\/\/nbliberal.ca\/fr\/wp-json\/wp\/v2\/pages\/20787\/revisions"}],"predecessor-version":[{"id":20863,"href":"https:\/\/nbliberal.ca\/fr\/wp-json\/wp\/v2\/pages\/20787\/revisions\/20863"}],"wp:attachment":[{"href":"https:\/\/nbliberal.ca\/fr\/wp-json\/wp\/v2\/media?parent=20787"}],"curies":[{"name":"wp","href":"https:\/\/api.w.org\/{rel}","templated":true}]}}