{"id":19965,"date":"2024-08-29T14:04:49","date_gmt":"2024-08-29T18:04:49","guid":{"rendered":"https:\/\/nbliberal.ca\/lignes-directrices-pour-la-communaute-virtuelle\/"},"modified":"2024-08-29T14:10:04","modified_gmt":"2024-08-29T18:10:04","slug":"lignes-directrices-pour-la-communaute-virtuelle","status":"publish","type":"page","link":"https:\/\/nbliberal.ca\/fr\/lignes-directrices-pour-la-communaute-virtuelle\/","title":{"rendered":"Lignes directrices pour la communaut\u00e9 virtuelle<br><br>"},"content":{"rendered":"\n<section class=\"wp-block-wp-expert-new-wpe-section-container\">\n<div class=\"wp-block-wp-expert-new-wpe-container container\">\n<div class=\"grid  grid-1-tab-l grid-reverse-columns-tab-l    \" style=\"gap:calc(var(u002du002dgrid-gap) * 1.5)\">\n<div class=\"wp-block-group is-vertical is-layout-flex wp-container-core-group-is-layout-fe9cc265 wp-block-group-is-layout-flex\">\n<p><strong>Lignes directrices pour la communaut\u00e9 virtuelle<br><\/strong>Les discussions intelligentes et respectueuses sont les bienvenues. Veuillez prendre note que les messages vulgaires, les attaques personnelles, les manifestations de racisme et toute autre forme de discrimination seront supprim\u00e9s sans avertissement. Les messages qui seront jug\u00e9s comme \u00e9tant des pourriels ou des messages provocateurs seront effac\u00e9s \u00e9galement. Les utilisateurs qui violent ces directives peuvent \u00eatre bannis sans avertissement.   <br><\/p>\n<\/div>\n<\/div>\n<\/div>\n<\/section>\n","protected":false},"excerpt":{"rendered":"","protected":false},"author":17,"featured_media":0,"parent":0,"menu_order":0,"comment_status":"closed","ping_status":"closed","template":"","meta":{"_seopress_robots_primary_cat":"","_seopress_titles_title":"","_seopress_titles_desc":"","_seopress_robots_index":"","_price":"","_stock":"","_tribe_ticket_header":"","_tribe_default_ticket_provider":"","_tribe_ticket_capacity":"0","_ticket_start_date":"","_ticket_end_date":"","_tribe_ticket_show_description":"","_tribe_ticket_show_not_going":false,"_tribe_ticket_use_global_stock":"","_tribe_ticket_global_stock_level":"","_global_stock_mode":"","_global_stock_cap":"","_tribe_rsvp_for_event":"","_tribe_ticket_going_count":"","_tribe_ticket_not_going_count":"","_tribe_tickets_list":"[]","_tribe_ticket_has_attendee_info_fields":false,"footnotes":"","_tec_slr_enabled":"","_tec_slr_layout":""},"class_list":["post-19965","page","type-page","status-publish","hentry"],"meta_box":[],"ticketed":false,"_links":{"self":[{"href":"https:\/\/nbliberal.ca\/fr\/wp-json\/wp\/v2\/pages\/19965","targetHints":{"allow":["GET"]}}],"collection":[{"href":"https:\/\/nbliberal.ca\/fr\/wp-json\/wp\/v2\/pages"}],"about":[{"href":"https:\/\/nbliberal.ca\/fr\/wp-json\/wp\/v2\/types\/page"}],"author":[{"embeddable":true,"href":"https:\/\/nbliberal.ca\/fr\/wp-json\/wp\/v2\/users\/17"}],"replies":[{"embeddable":true,"href":"https:\/\/nbliberal.ca\/fr\/wp-json\/wp\/v2\/comments?post=19965"}],"version-history":[{"count":1,"href":"https:\/\/nbliberal.ca\/fr\/wp-json\/wp\/v2\/pages\/19965\/revisions"}],"predecessor-version":[{"id":19966,"href":"https:\/\/nbliberal.ca\/fr\/wp-json\/wp\/v2\/pages\/19965\/revisions\/19966"}],"wp:attachment":[{"href":"https:\/\/nbliberal.ca\/fr\/wp-json\/wp\/v2\/media?parent=19965"}],"curies":[{"name":"wp","href":"https:\/\/api.w.org\/{rel}","templated":true}]}}