{"id":19915,"date":"2024-08-26T14:19:54","date_gmt":"2024-08-26T18:19:54","guid":{"rendered":"https:\/\/nbliberal.ca\/join-us-for-september-8ths-campaign-kickoff\/"},"modified":"2024-08-28T10:01:56","modified_gmt":"2024-08-28T14:01:56","slug":"rejoignez-nous-pour-le-lancement-de-la-campagne-le-8-septembre","status":"publish","type":"page","link":"https:\/\/nbliberal.ca\/fr\/rejoignez-nous-pour-le-lancement-de-la-campagne-le-8-septembre\/","title":{"rendered":"Rejoignez-nous pour le lancement de la campagne le 8 septembre !"},"content":{"rendered":"\n<h2 class=\"wp-block-heading has-text-align-center\"><strong>Le 8 septembre, c&rsquo;est le coup d&rsquo;envoi de la campagne !<\/strong><\/h2>\n\n\n\n<section class=\"wp-block-wp-expert-new-wpe-hero-section hero-section\"> <img loading=\"lazy\" decoding=\"async\" width=\"1920\" height=\"1251\" src=\"https:\/\/nbliberal.ca\/wp-content\/uploads\/contact_photo.webp\" class=\"hero-section__img wp-image-10117\" alt=\"Susan Holt, wearing jeans and a striped t-shirt, smiling and walking with a group of people in the sun on a busy boardwalk, beside a colourful mural at Container Village in Saint John, NB\" srcset=\"https:\/\/nbliberal.ca\/wp-content\/uploads\/contact_photo.webp 1920w, https:\/\/nbliberal.ca\/wp-content\/uploads\/contact_photo-300x195.webp 300w, https:\/\/nbliberal.ca\/wp-content\/uploads\/contact_photo-1024x667.webp 1024w, https:\/\/nbliberal.ca\/wp-content\/uploads\/contact_photo-768x500.webp 768w, https:\/\/nbliberal.ca\/wp-content\/uploads\/contact_photo-1536x1001.webp 1536w\" sizes=\"auto, (max-width: 1920px) 100vw, 1920px\" \/> <div class=\"container\"><\/div> <a class=\"scroll-more\" href=\"#next-section\"><p>D\u00e9filement vers le bas<\/p><svg xmlns=\"http:\/\/www.w3.org\/2000\/svg\" width=\"26.44\" height=\"15.56\" viewBox=\"0 0 26.44 15.56\"> <path fill=\"none\" stroke=\"#fff\" stroke-width=\"2\" d=\"M.732.682l12.49 13.416L25.712.682\"><\/path> <\/svg><\/a> <\/section>\n\n\n\n<p class=\"has-text-align-center\" style=\"margin-top:var(--wp--preset--spacing--70);margin-right:var(--wp--preset--spacing--70);margin-bottom:var(--wp--preset--spacing--70);margin-left:var(--wp--preset--spacing--70)\">Venez rejoindre la chef lib\u00e9rale Susan Holt et son \u00e9quipe \u00e0 l&rsquo;occasion de sa mise en candidature et du lancement officiel de la campagne des lib\u00e9raux du Nouveau-Brunswick ! Les d\u00e9tails de l&rsquo;\u00e9v\u00e9nement sont ci-dessous :<\/p>\n\n\n\n<p class=\"has-text-align-center\">Date : 8 septembre 2024<br>Ouverture des portes : 13 h 15<br>Lieu : Fredericton Boyce Farmer&rsquo;s March\u00e9 fermier Boyce de Fredericton<br>Adresse : 665 rue George, Fredericton, Nouveau-Brunswick, E3B1K4<\/p>\n\n\n\n<p class=\"has-text-align-center\">Veillez \u00e0 porter beaucoup de rouge et \u00e0 vous amuser !<\/p>\n\n\n\n<p class=\"has-text-align-center\" style=\"margin-top:var(--wp--preset--spacing--60);margin-right:var(--wp--preset--spacing--70);margin-bottom:var(--wp--preset--spacing--60);margin-left:var(--wp--preset--spacing--70)\"><strong><span style=\"text-decoration: underline;\">Vous pr\u00e9voyez de participer ? RSVP dans le formulaire ci-dessous !<\/span><\/strong><\/p>\n\n\n<script type=\"text\/javascript\">\n\/* <![CDATA[ *\/\nvar gform;gform||(document.addEventListener(\"gform_main_scripts_loaded\",function(){gform.scriptsLoaded=!0}),document.addEventListener(\"gform\/theme\/scripts_loaded\",function(){gform.themeScriptsLoaded=!0}),window.addEventListener(\"DOMContentLoaded\",function(){gform.domLoaded=!0}),gform={domLoaded:!1,scriptsLoaded:!1,themeScriptsLoaded:!1,isFormEditor:()=>\"function\"==typeof InitializeEditor,callIfLoaded:function(o){return!(!gform.domLoaded||!gform.scriptsLoaded||!gform.themeScriptsLoaded&&!gform.isFormEditor()||(gform.isFormEditor()&&console.warn(\"The use of gform.initializeOnLoaded() is deprecated in the form editor context and will be removed in Gravity Forms 3.1.\"),o(),0))},initializeOnLoaded:function(o){gform.callIfLoaded(o)||(document.addEventListener(\"gform_main_scripts_loaded\",()=>{gform.scriptsLoaded=!0,gform.callIfLoaded(o)}),document.addEventListener(\"gform\/theme\/scripts_loaded\",()=>{gform.themeScriptsLoaded=!0,gform.callIfLoaded(o)}),window.addEventListener(\"DOMContentLoaded\",()=>{gform.domLoaded=!0,gform.callIfLoaded(o)}))},hooks:{action:{},filter:{}},addAction:function(o,r,e,t){gform.addHook(\"action\",o,r,e,t)},addFilter:function(o,r,e,t){gform.addHook(\"filter\",o,r,e,t)},doAction:function(o){gform.doHook(\"action\",o,arguments)},applyFilters:function(o){return gform.doHook(\"filter\",o,arguments)},removeAction:function(o,r){gform.removeHook(\"action\",o,r)},removeFilter:function(o,r,e){gform.removeHook(\"filter\",o,r,e)},addHook:function(o,r,e,t,n){null==gform.hooks[o][r]&&(gform.hooks[o][r]=[]);var d=gform.hooks[o][r];null==n&&(n=r+\"_\"+d.length),gform.hooks[o][r].push({tag:n,callable:e,priority:t=null==t?10:t})},doHook:function(r,o,e){var t;if(e=Array.prototype.slice.call(e,1),null!=gform.hooks[r][o]&&((o=gform.hooks[r][o]).sort(function(o,r){return o.priority-r.priority}),o.forEach(function(o){\"function\"!=typeof(t=o.callable)&&(t=window[t]),\"action\"==r?t.apply(null,e):e[0]=t.apply(null,e)})),\"filter\"==r)return e[0]},removeHook:function(o,r,t,n){var e;null!=gform.hooks[o][r]&&(e=(e=gform.hooks[o][r]).filter(function(o,r,e){return!!(null!=n&&n!=o.tag||null!=t&&t!=o.priority)}),gform.hooks[o][r]=e)}});\n\/* ]]> *\/\n<\/script>\n\n                <div class='gf_browser_gecko gform_wrapper gravity-theme gform-theme--no-framework' data-form-theme='gravity-theme' data-form-index='0' id='gform_wrapper_22' ><div id='gf_22' class='gform_anchor' tabindex='-1'><\/div>\n                        <div class='gform_heading'>\n\t\t\t\t\t\t\t<p class='gform_required_legend'>\u00ab\u00a0<span class=\"gfield_required gfield_required_custom\">(Exig\u00e9e)<\/span>\u00a0\u00bb indique les champs n\u00e9cessaires<\/p>\n                        <\/div><form method='post' enctype='multipart\/form-data'  id='gform_22'  action='\/fr\/wp-json\/wp\/v2\/pages\/19915#gf_22' data-formid='22' novalidate>\n                        <div class='gform-body gform_body'><div id='gform_fields_22' class='gform_fields top_label form_sublabel_below description_below validation_below'><fieldset id=\"field_22_1\" class=\"gfield gfield--type-name gfield--input-type-name gfield_contains_required field_sublabel_below gfield--no-description field_description_below field_validation_below gfield_visibility_visible\"  ><legend class='gfield_label gform-field-label gfield_label_before_complex' >Nom<span class=\"gfield_required\"><span class=\"gfield_required gfield_required_custom\">(Exig\u00e9e)<\/span><\/span><\/legend><div class='ginput_complex ginput_container ginput_container--name no_prefix has_first_name no_middle_name has_last_name no_suffix gf_name_has_2 ginput_container_name gform-grid-row' id='input_22_1'>\n                            \n                            <span id='input_22_1_3_container' class='name_first gform-grid-col gform-grid-col--size-auto' >\n                                                    <input type='text' name='input_1.3' id='input_22_1_3' value=''   aria-required='true'    autocomplete=\"given-name\" \/>\n                                                    <label for='input_22_1_3' class='gform-field-label gform-field-label--type-sub '>Pr\u00e9nom<\/label>\n                                                <\/span>\n                            \n                            <span id='input_22_1_6_container' class='name_last gform-grid-col gform-grid-col--size-auto' >\n                                                    <input type='text' name='input_1.6' id='input_22_1_6' value=''   aria-required='true'    autocomplete=\"family-name\" \/>\n                                                    <label for='input_22_1_6' class='gform-field-label gform-field-label--type-sub '>Nom<\/label>\n                                                <\/span>\n                            \n                        <\/div><\/fieldset><div id=\"field_22_4\" class=\"gfield gfield--type-phone gfield--input-type-phone gfield_contains_required field_sublabel_below gfield--no-description field_description_below field_validation_below gfield_visibility_visible\"  ><label class='gfield_label gform-field-label' for='input_22_4'>T\u00e9l\u00e9phone<span class=\"gfield_required\"><span class=\"gfield_required gfield_required_custom\">(Exig\u00e9e)<\/span><\/span><\/label><div class='ginput_container ginput_container_phone'><input name='input_4' id='input_22_4' type='tel' value='' class='large'   aria-required=\"true\" aria-invalid=\"false\"  autocomplete=\"tel\" \/><\/div><\/div><div id=\"field_22_5\" class=\"gfield gfield--type-email gfield--input-type-email gfield_contains_required field_sublabel_below gfield--no-description field_description_below field_validation_below gfield_visibility_visible\"  ><label class='gfield_label gform-field-label' for='input_22_5'>Courriel<span class=\"gfield_required\"><span class=\"gfield_required gfield_required_custom\">(Exig\u00e9e)<\/span><\/span><\/label><div class='ginput_container ginput_container_email'>\n                            <input name='input_5' id='input_22_5' type='email' value='' class='large'    aria-required=\"true\" aria-invalid=\"false\"  autocomplete=\"email\"\/>\n                        <\/div><\/div><fieldset id=\"field_22_9\" class=\"gfield gfield--type-address gfield--input-type-address gfield--width-full gfield_contains_required field_sublabel_below gfield--no-description field_description_below field_validation_below gfield_visibility_visible\"  ><legend class='gfield_label gform-field-label gfield_label_before_complex' >Adresse<span class=\"gfield_required\"><span class=\"gfield_required gfield_required_custom\">(Exig\u00e9e)<\/span><\/span><\/legend>    \n                    <div class='ginput_complex ginput_container has_street has_street2 has_city has_state has_zip ginput_container_address gform-grid-row' id='input_22_9' >\n                         <span class='ginput_full address_line_1 ginput_address_line_1 gform-grid-col' id='input_22_9_1_container' >\n                                        <input type='text' name='input_9.1' id='input_22_9_1' value=''    aria-required='true'   autocomplete=\"address-line1\" \/>\n                                        <label for='input_22_9_1' id='input_22_9_1_label' class='gform-field-label gform-field-label--type-sub '>Adresse (rue)<\/label>\n                                    <\/span><span class='ginput_full address_line_2 ginput_address_line_2 gform-grid-col' id='input_22_9_2_container' >\n                                        <input type='text' name='input_9.2' id='input_22_9_2' value=''    autocomplete=\"address-line2\" aria-required='false'   \/>\n                                        <label for='input_22_9_2' id='input_22_9_2_label' class='gform-field-label gform-field-label--type-sub '>Adresse (ligne 2)<\/label>\n                                    <\/span><span class='ginput_left address_city ginput_address_city gform-grid-col' id='input_22_9_3_container' >\n                                    <input type='text' name='input_9.3' id='input_22_9_3' value=''    aria-required='true'   autocomplete=\"address-level2\" \/>\n                                    <label for='input_22_9_3' id='input_22_9_3_label' class='gform-field-label gform-field-label--type-sub '>Ville<\/label>\n                                 <\/span><span class='ginput_right address_state ginput_address_state gform-grid-col' id='input_22_9_4_container' >\n                                        <select name='input_9.4' id='input_22_9_4'     aria-required='true'   autocomplete=\"address-level1\" ><option value='' ><\/option><option value='Alberta' >Alberta<\/option><option value='Colombie-Britannique' >Colombie-Britannique<\/option><option value='Manitoba' >Manitoba<\/option><option value='Nouveau-Brunswick' >Nouveau-Brunswick<\/option><option value='Terre-Neuve-et-Labrador' >Terre-Neuve-et-Labrador<\/option><option value='Territoires du Nord-Ouest' >Territoires du Nord-Ouest<\/option><option value='Nouvelle-\u00c9cosse' >Nouvelle-\u00c9cosse<\/option><option value='Nunavut' >Nunavut<\/option><option value='Ontario' >Ontario<\/option><option value='\u00cele du Prince-\u00c9douard' >\u00cele du Prince-\u00c9douard<\/option><option value='Qu\u00e9bec' >Qu\u00e9bec<\/option><option value='Saskatchewan' >Saskatchewan<\/option><option value='Yukon' >Yukon<\/option><\/select>\n                                        <label for='input_22_9_4' id='input_22_9_4_label' class='gform-field-label gform-field-label--type-sub '>Province<\/label>\n                                      <\/span><span class='ginput_left address_zip ginput_address_zip gform-grid-col' id='input_22_9_5_container' >\n                                    <input type='text' name='input_9.5' id='input_22_9_5' value=''    aria-required='true'   autocomplete=\"postal-code\" \/>\n                                    <label for='input_22_9_5' id='input_22_9_5_label' class='gform-field-label gform-field-label--type-sub '>Code postal<\/label>\n                                <\/span><input type='hidden' class='gform_hidden' name='input_9.6' id='input_22_9_6' value='Canada' \/>\n                    <div class='gf_clear gf_clear_complex'><\/div>\n                <\/div><input type=\"hidden\" name=\"gpaa_place_9\" class=\"gform_hidden\" value=\"\"><\/fieldset><fieldset id=\"field_22_8\" class=\"gfield gfield--type-checkbox gfield--type-choice gfield--input-type-checkbox field_sublabel_below gfield--no-description field_description_below field_validation_below gfield_visibility_visible\"  ><legend class='gfield_label gform-field-label gfield_label_before_complex' >(FACULTATIF) Questions suppl\u00e9mentaires<\/legend><div class='ginput_container ginput_container_checkbox'><div class='gfield_checkbox ' id='input_22_8'><div class='gchoice gchoice_22_8_1'>\n\t\t\t\t\t\t\t\t<input class='gfield-choice-input' name='input_8.1' type='checkbox'  value='Support'  id='choice_22_8_1'   \/>\n\t\t\t\t\t\t\t\t<label for='choice_22_8_1' id='label_22_8_1' class='gform-field-label gform-field-label--type-inline'>L&rsquo;\u00e9quipe lib\u00e9rale du Nouveau-Brunswick peut-elle compter sur votre soutien ?<\/label>\n\t\t\t\t\t\t\t<\/div><div class='gchoice gchoice_22_8_2'>\n\t\t\t\t\t\t\t\t<input class='gfield-choice-input' name='input_8.2' type='checkbox'  value='Volunteer'  id='choice_22_8_2'   \/>\n\t\t\t\t\t\t\t\t<label for='choice_22_8_2' id='label_22_8_2' class='gform-field-label gform-field-label--type-inline'>Seriez-vous pr\u00eat \u00e0 vous porter volontaire pour votre candidat local ?<\/label>\n\t\t\t\t\t\t\t<\/div><div class='gchoice gchoice_22_8_3'>\n\t\t\t\t\t\t\t\t<input class='gfield-choice-input' name='input_8.3' type='checkbox'  value='Sign'  id='choice_22_8_3'   \/>\n\t\t\t\t\t\t\t\t<label for='choice_22_8_3' id='label_22_8_3' class='gform-field-label gform-field-label--type-inline'>Voulez-vous une affiche pour les prochaines \u00e9lections ?<\/label>\n\t\t\t\t\t\t\t<\/div><\/div><\/div><\/fieldset><\/div><\/div>\n        <div class='gform-footer gform_footer top_label'> <button type=\"submit\" id=\"gform_submit_button_22\" class=\"gform_button button\" onclick=\"gform.submission.handleButtonClick(this);\" data-submission-type=\"submit\">Envoyer<\/button> \n            <input type='hidden' class='gform_hidden' name='gform_submission_method' data-js='gform_submission_method_22' value='postback' \/>\n            <input type='hidden' class='gform_hidden' name='gform_theme' data-js='gform_theme_22' id='gform_theme_22' value='gravity-theme' \/>\n            <input type='hidden' class='gform_hidden' name='gform_style_settings' data-js='gform_style_settings_22' id='gform_style_settings_22' value='{&quot;inputPrimaryColor&quot;:&quot;#204ce5&quot;}' \/>\n            <input type='hidden' class='gform_hidden' name='is_submit_22' value='1' \/>\n            <input type='hidden' class='gform_hidden' name='gform_submit' value='22' \/>\n            \n            <input type='hidden' class='gform_hidden' name='gform_currency' data-currency='CAD' value='lhng9Pxh6+DsNtOGs8wUJDQ7taMxgXiOKp5hU5gKX4QAn1WE5rZLK81b5CFuYktn+OD9BMk0BmgtBpkWphhAmRqW0xwsj2h68xQBxXSddikFYiU=' \/>\n            <input type='hidden' class='gform_hidden' name='gform_unique_id' value='' \/>\n            <input type='hidden' class='gform_hidden' name='state_22' value='WyJ7XCI4LjFcIjpcIjJmMTM0MTQxNzRiYzc4ZTVjYjQ2ZDBiOGIzOWE3ZGJlXCIsXCI4LjJcIjpcImU0MmIzNWE5MTgxOTUxOTVkMGM3M2VkNDQzNjljMWQ4XCIsXCI4LjNcIjpcIjI3NDIzMTkzMmVhOTFkMzJjMDU5Y2I4MWYxMWI2N2E0XCJ9IiwiOGIzOTNlOGY1YWY4YmMxMmMyNzgwNWQ2YTlkYTA4YjAiXQ==' \/>\n            <input type='hidden' autocomplete='off' class='gform_hidden' name='gform_target_page_number_22' id='gform_target_page_number_22' value='0' \/>\n            <input type='hidden' autocomplete='off' class='gform_hidden' name='gform_source_page_number_22' id='gform_source_page_number_22' value='1' \/>\n            <input type='hidden' name='gform_field_values' value='' \/>\n            \n        <\/div>\n                        <\/form>\n                        <\/div><script type=\"text\/javascript\">\n\/* <![CDATA[ *\/\n gform.initializeOnLoaded( function() {gformInitSpinner( 22, 'https:\/\/nbliberal.ca\/wp-content\/plugins\/gravityforms\/images\/spinner.svg', true );jQuery('#gform_ajax_frame_22').on('load',function(){var contents = jQuery(this).contents().find('*').html();var is_postback = contents.indexOf('GF_AJAX_POSTBACK') >= 0;if(!is_postback){return;}var form_content = jQuery(this).contents().find('#gform_wrapper_22');var is_confirmation = jQuery(this).contents().find('#gform_confirmation_wrapper_22').length > 0;var is_redirect = contents.indexOf('gformRedirect(){') >= 0;var is_form = form_content.length > 0 && ! is_redirect && ! is_confirmation;var mt = parseInt(jQuery('html').css('margin-top'), 10) + parseInt(jQuery('body').css('margin-top'), 10) + 100;if(is_form){jQuery('#gform_wrapper_22').html(form_content.html());if(form_content.hasClass('gform_validation_error')){jQuery('#gform_wrapper_22').addClass('gform_validation_error');} else {jQuery('#gform_wrapper_22').removeClass('gform_validation_error');}setTimeout( function() { \/* delay the scroll by 50 milliseconds to fix a bug in chrome *\/ jQuery(document).scrollTop(jQuery('#gform_wrapper_22').offset().top - mt); }, 50 );if(window['gformInitDatepicker']) {gformInitDatepicker();}if(window['gformInitPriceFields']) {gformInitPriceFields();}var current_page = jQuery('#gform_source_page_number_22').val();gformInitSpinner( 22, 'https:\/\/nbliberal.ca\/wp-content\/plugins\/gravityforms\/images\/spinner.svg', true );jQuery(document).trigger('gform_page_loaded', [22, current_page]);window['gf_submitting_22'] = false;}else if(!is_redirect){var confirmation_content = jQuery(this).contents().find('.GF_AJAX_POSTBACK').html();if(!confirmation_content){confirmation_content = contents;}jQuery('#gform_wrapper_22').replaceWith(confirmation_content);jQuery(document).scrollTop(jQuery('#gf_22').offset().top - mt);jQuery(document).trigger('gform_confirmation_loaded', [22]);window['gf_submitting_22'] = false;wp.a11y.speak(jQuery('#gform_confirmation_message_22').text());}else{jQuery('#gform_22').append(contents);if(window['gformRedirect']) {gformRedirect();}}jQuery(document).trigger(\"gform_pre_post_render\", [{ formId: \"22\", currentPage: \"current_page\", abort: function() { this.preventDefault(); } }]);        if (event && event.defaultPrevented) {                return;        }        const gformWrapperDiv = document.getElementById( \"gform_wrapper_22\" );        if ( gformWrapperDiv ) {            const visibilitySpan = document.createElement( \"span\" );            visibilitySpan.id = \"gform_visibility_test_22\";            gformWrapperDiv.insertAdjacentElement( \"afterend\", visibilitySpan );        }        const visibilityTestDiv = document.getElementById( \"gform_visibility_test_22\" );        let postRenderFired = false;        function triggerPostRender() {            if ( postRenderFired ) {                return;            }            postRenderFired = true;            gform.core.triggerPostRenderEvents( 22, current_page );            if ( visibilityTestDiv ) {                visibilityTestDiv.parentNode.removeChild( visibilityTestDiv );            }        }        function debounce( func, wait, immediate ) {            var timeout;            return function() {                var context = this, args = arguments;                var later = function() {                    timeout = null;                    if ( !immediate ) func.apply( context, args );                };                var callNow = immediate && !timeout;                clearTimeout( timeout );                timeout = setTimeout( later, wait );                if ( callNow ) func.apply( context, args );            };        }        const debouncedTriggerPostRender = debounce( function() {            triggerPostRender();        }, 200 );        if ( visibilityTestDiv && visibilityTestDiv.offsetParent === null ) {            const observer = new MutationObserver( ( mutations ) => {                mutations.forEach( ( mutation ) => {                    if ( mutation.type === 'attributes' && visibilityTestDiv.offsetParent !== null ) {                        debouncedTriggerPostRender();                        observer.disconnect();                    }                });            });            observer.observe( document.body, {                attributes: true,                childList: false,                subtree: true,                attributeFilter: [ 'style', 'class' ],            });        } else {            triggerPostRender();        }    } );} ); \n\/* ]]> *\/\n<\/script>\n","protected":false},"excerpt":{"rendered":"<p>Le 8 septembre, c&rsquo;est le coup d&rsquo;envoi de la campagne ! Venez rejoindre la chef lib\u00e9rale Susan Holt et son \u00e9quipe \u00e0 l&rsquo;occasion de sa mise en candidature et du [&hellip;]<\/p>\n","protected":false},"author":17,"featured_media":11678,"parent":0,"menu_order":0,"comment_status":"closed","ping_status":"closed","template":"","meta":{"_seopress_robots_primary_cat":"","_seopress_titles_title":"","_seopress_titles_desc":"","_seopress_robots_index":"","_price":"","_stock":"","_tribe_ticket_header":"","_tribe_default_ticket_provider":"","_tribe_ticket_capacity":"0","_ticket_start_date":"","_ticket_end_date":"","_tribe_ticket_show_description":"","_tribe_ticket_show_not_going":false,"_tribe_ticket_use_global_stock":"","_tribe_ticket_global_stock_level":"","_global_stock_mode":"","_global_stock_cap":"","_tribe_rsvp_for_event":"","_tribe_ticket_going_count":"","_tribe_ticket_not_going_count":"","_tribe_tickets_list":"[]","_tribe_ticket_has_attendee_info_fields":false,"footnotes":"","_tec_slr_enabled":"","_tec_slr_layout":""},"class_list":["post-19915","page","type-page","status-publish","has-post-thumbnail","hentry"],"meta_box":[],"ticketed":false,"_links":{"self":[{"href":"https:\/\/nbliberal.ca\/fr\/wp-json\/wp\/v2\/pages\/19915","targetHints":{"allow":["GET"]}}],"collection":[{"href":"https:\/\/nbliberal.ca\/fr\/wp-json\/wp\/v2\/pages"}],"about":[{"href":"https:\/\/nbliberal.ca\/fr\/wp-json\/wp\/v2\/types\/page"}],"author":[{"embeddable":true,"href":"https:\/\/nbliberal.ca\/fr\/wp-json\/wp\/v2\/users\/17"}],"replies":[{"embeddable":true,"href":"https:\/\/nbliberal.ca\/fr\/wp-json\/wp\/v2\/comments?post=19915"}],"version-history":[{"count":4,"href":"https:\/\/nbliberal.ca\/fr\/wp-json\/wp\/v2\/pages\/19915\/revisions"}],"predecessor-version":[{"id":19934,"href":"https:\/\/nbliberal.ca\/fr\/wp-json\/wp\/v2\/pages\/19915\/revisions\/19934"}],"wp:featuredmedia":[{"embeddable":true,"href":"https:\/\/nbliberal.ca\/fr\/wp-json\/wp\/v2\/media\/11678"}],"wp:attachment":[{"href":"https:\/\/nbliberal.ca\/fr\/wp-json\/wp\/v2\/media?parent=19915"}],"curies":[{"name":"wp","href":"https:\/\/api.w.org\/{rel}","templated":true}]}}