{"id":11864,"date":"2024-05-23T06:41:23","date_gmt":"2024-05-23T10:41:23","guid":{"rendered":"https:\/\/lib.wpcdev.ca\/volunteer-thank-you\/"},"modified":"2024-06-04T22:59:48","modified_gmt":"2024-06-05T02:59:48","slug":"volunteer-thank-you","status":"publish","type":"page","link":"https:\/\/nbliberal.ca\/fr\/volunteer-thank-you\/","title":{"rendered":"Remerciements &#8211; Inscription des b\u00e9n\u00e9voles"},"content":{"rendered":"\n<section class=\"section-bg\" style=\"min-height:90vh;justify-content:start\"> <img loading=\"lazy\" decoding=\"async\" width=\"1920\" height=\"1305\" src=\"https:\/\/nbliberal.ca\/wp-content\/uploads\/thankyoupage_volunteer.webp\" class=\"section-bg__img wp-image-11681\" style=\"object-position:100% 0%\" alt=\"thankyoupage volunteer\" srcset=\"https:\/\/nbliberal.ca\/wp-content\/uploads\/thankyoupage_volunteer.webp 1920w, https:\/\/nbliberal.ca\/wp-content\/uploads\/thankyoupage_volunteer-300x204.webp 300w, https:\/\/nbliberal.ca\/wp-content\/uploads\/thankyoupage_volunteer-1024x696.webp 1024w, https:\/\/nbliberal.ca\/wp-content\/uploads\/thankyoupage_volunteer-768x522.webp 768w, https:\/\/nbliberal.ca\/wp-content\/uploads\/thankyoupage_volunteer-1536x1044.webp 1536w\" sizes=\"auto, (max-width: 1920px) 100vw, 1920px\" \/> <div class=\"container \">\n<div class=\"wp-block-group thank-you-box has-white-background-color has-background is-vertical is-content-justification-stretch is-layout-flex wp-container-core-group-is-layout-416d5c06 wp-block-group-is-layout-flex\" style=\"padding-top:2rem;padding-right:2rem;padding-bottom:5rem;padding-left:3rem\">\n<div class=\"wp-block-group is-content-justification-right is-nowrap is-layout-flex wp-container-core-group-is-layout-51daf623 wp-block-group-is-layout-flex\">\n<figure class=\"wp-block-image size-full is-resized\"><img loading=\"lazy\" decoding=\"async\" width=\"512\" height=\"512\" src=\"https:\/\/nbliberal.ca\/wp-content\/uploads\/site-id.webp\" alt=\"site id\" class=\"wp-image-10137\" style=\"width:50px\" srcset=\"https:\/\/nbliberal.ca\/wp-content\/uploads\/site-id.webp 512w, https:\/\/nbliberal.ca\/wp-content\/uploads\/site-id-300x300.webp 300w, https:\/\/nbliberal.ca\/wp-content\/uploads\/site-id-150x150.webp 150w\" sizes=\"auto, (max-width: 512px) 100vw, 512px\" \/><\/figure>\n<\/div>\n\n\n\n<div class=\"wp-block-group is-vertical is-layout-flex wp-container-core-group-is-layout-66b286a0 wp-block-group-is-layout-flex\" style=\"padding-right:4rem\">\n<h1 class=\"wp-block-heading has-brand-1-color has-text-color has-link-color wp-elements-dba38c89eeb8044f91dd6d0b5bb3f323\">Merci !<\/h1>\n\n\n\n<p>Les b\u00e9n\u00e9voles repr\u00e9sentent une partie essentielle de notre \u00e9quipe ! Nous vous remercions grandement de votre inscription.<\/p>\n\n\n\n<figure class=\"wp-block-image size-full is-resized\"><img decoding=\"async\" src=\"https:\/\/nbliberal.ca\/wp-content\/uploads\/susansig_black.svg\" alt=\"susansig black\" class=\"wp-image-11669\" style=\"width:300px\"\/><\/figure>\n<\/div>\n<\/div>\n<\/div> <\/section>\n","protected":false},"excerpt":{"rendered":"","protected":false},"author":5,"featured_media":0,"parent":0,"menu_order":0,"comment_status":"closed","ping_status":"closed","template":"","meta":{"_seopress_robots_primary_cat":"","_seopress_titles_title":"","_seopress_titles_desc":"","_seopress_robots_index":"","_price":"","_stock":"","_tribe_ticket_header":"","_tribe_default_ticket_provider":"","_tribe_ticket_capacity":"0","_ticket_start_date":"","_ticket_end_date":"","_tribe_ticket_show_description":"","_tribe_ticket_show_not_going":false,"_tribe_ticket_use_global_stock":"","_tribe_ticket_global_stock_level":"","_global_stock_mode":"","_global_stock_cap":"","_tribe_rsvp_for_event":"","_tribe_ticket_going_count":"","_tribe_ticket_not_going_count":"","_tribe_tickets_list":"[]","_tribe_ticket_has_attendee_info_fields":false,"footnotes":"","_tec_slr_enabled":"","_tec_slr_layout":""},"class_list":["post-11864","page","type-page","status-publish","hentry"],"meta_box":[],"ticketed":false,"_links":{"self":[{"href":"https:\/\/nbliberal.ca\/fr\/wp-json\/wp\/v2\/pages\/11864","targetHints":{"allow":["GET"]}}],"collection":[{"href":"https:\/\/nbliberal.ca\/fr\/wp-json\/wp\/v2\/pages"}],"about":[{"href":"https:\/\/nbliberal.ca\/fr\/wp-json\/wp\/v2\/types\/page"}],"author":[{"embeddable":true,"href":"https:\/\/nbliberal.ca\/fr\/wp-json\/wp\/v2\/users\/5"}],"replies":[{"embeddable":true,"href":"https:\/\/nbliberal.ca\/fr\/wp-json\/wp\/v2\/comments?post=11864"}],"version-history":[{"count":1,"href":"https:\/\/nbliberal.ca\/fr\/wp-json\/wp\/v2\/pages\/11864\/revisions"}],"predecessor-version":[{"id":11865,"href":"https:\/\/nbliberal.ca\/fr\/wp-json\/wp\/v2\/pages\/11864\/revisions\/11865"}],"wp:attachment":[{"href":"https:\/\/nbliberal.ca\/fr\/wp-json\/wp\/v2\/media?parent=11864"}],"curies":[{"name":"wp","href":"https:\/\/api.w.org\/{rel}","templated":true}]}}