{"id":11595,"date":"2024-04-16T07:00:00","date_gmt":"2024-04-16T11:00:00","guid":{"rendered":"https:\/\/wordpress-403092-4429197.cloudwaysapps.com\/susan-dans-la-communaute\/"},"modified":"2024-05-14T14:22:56","modified_gmt":"2024-05-14T18:22:56","slug":"susan-dans-la-communaute","status":"publish","type":"page","link":"https:\/\/nbliberal.ca\/fr\/susan-dans-la-communaute\/","title":{"rendered":"Susan dans la communaut\u00e9"},"content":{"rendered":"\n<section class=\"wp-block-wp-expert-new-wpe-section-container\">\n<div class=\"wp-block-wp-expert-new-wpe-container container flex-ai-center\" style=\"gap:calc(var(--container-gap) * 2.5)\">\n<h1 style=\"color:var(--brand-color-1);font-size:var(--h1-s)\">Susan dans la communaut\u00e9<\/h1>\r\n\n\n<figure id=\"happyfiles-gallery-rf3kh8\" class=\"happyfiles-gallery susan-community lightbox\"><ul class=\"crop\" data-col=\"3\"><li class=\"item\" data-src=\"https:\/\/nbliberal.ca\/wp-content\/uploads\/headshot-photography-216-1024x683.jpg\"><figure><img loading=\"lazy\" decoding=\"async\" width=\"2560\" height=\"1707\" src=\"https:\/\/nbliberal.ca\/wp-content\/uploads\/headshot-photography-216-scaled.jpg\" class=\"attachment-full size-full\" alt=\"Susan Holt assise avec Patty Borthwick, candidate pour la circonscription de Fundy-The Isles-Saint John Lorneville. John Lorneville\" srcset=\"https:\/\/nbliberal.ca\/wp-content\/uploads\/headshot-photography-216-scaled.jpg 2560w, https:\/\/nbliberal.ca\/wp-content\/uploads\/headshot-photography-216-300x200.jpg 300w, https:\/\/nbliberal.ca\/wp-content\/uploads\/headshot-photography-216-1024x683.jpg 1024w, https:\/\/nbliberal.ca\/wp-content\/uploads\/headshot-photography-216-768x512.jpg 768w, https:\/\/nbliberal.ca\/wp-content\/uploads\/headshot-photography-216-1536x1024.jpg 1536w, https:\/\/nbliberal.ca\/wp-content\/uploads\/headshot-photography-216-2048x1365.jpg 2048w\" sizes=\"auto, (max-width: 2560px) 100vw, 2560px\" \/><\/figure><\/li><li class=\"item\" data-src=\"https:\/\/nbliberal.ca\/wp-content\/uploads\/liberal-party-event_dec_23-84-1024x696.jpg\"><figure><img loading=\"lazy\" decoding=\"async\" width=\"1068\" height=\"726\" src=\"https:\/\/nbliberal.ca\/wp-content\/uploads\/liberal-party-event_dec_23-84.jpg\" class=\"attachment-full size-full\" alt=\"Susan Holt, riant avec deux autres personnes, lors du Souper de la cheffe lib\u00e9rale \u00e0 Moncton, au Nouveau-Brunswick.\" srcset=\"https:\/\/nbliberal.ca\/wp-content\/uploads\/liberal-party-event_dec_23-84.jpg 1068w, https:\/\/nbliberal.ca\/wp-content\/uploads\/liberal-party-event_dec_23-84-300x204.jpg 300w, https:\/\/nbliberal.ca\/wp-content\/uploads\/liberal-party-event_dec_23-84-1024x696.jpg 1024w, https:\/\/nbliberal.ca\/wp-content\/uploads\/liberal-party-event_dec_23-84-768x522.jpg 768w\" sizes=\"auto, (max-width: 1068px) 100vw, 1068px\" \/><\/figure><\/li><li class=\"item\" data-src=\"https:\/\/nbliberal.ca\/wp-content\/uploads\/incommunity07-1024x696.jpg\"><figure><img loading=\"lazy\" decoding=\"async\" width=\"1068\" height=\"726\" src=\"https:\/\/nbliberal.ca\/wp-content\/uploads\/incommunity07.jpg\" class=\"attachment-full size-full\" alt=\"Susan Holt, sur sc\u00e8ne, portant un veston blanc et un pantalon noir, avec un micro et s&#039;adressant \u00e0 une foule de lib\u00e9raux du Nouveau-Brunswick lors du Congr\u00e8s biennal \u00e0 Fredericton.\" srcset=\"https:\/\/nbliberal.ca\/wp-content\/uploads\/incommunity07.jpg 1068w, https:\/\/nbliberal.ca\/wp-content\/uploads\/incommunity07-300x204.jpg 300w, https:\/\/nbliberal.ca\/wp-content\/uploads\/incommunity07-1024x696.jpg 1024w, https:\/\/nbliberal.ca\/wp-content\/uploads\/incommunity07-768x522.jpg 768w\" sizes=\"auto, (max-width: 1068px) 100vw, 1068px\" \/><\/figure><\/li><li class=\"item\" data-src=\"https:\/\/nbliberal.ca\/wp-content\/uploads\/inthecommunity_06-1024x685.webp\"><figure><img loading=\"lazy\" decoding=\"async\" width=\"1086\" height=\"726\" src=\"https:\/\/nbliberal.ca\/wp-content\/uploads\/inthecommunity_06.webp\" class=\"attachment-full size-full\" alt=\"Susan Holt, souriante, portant un veston noir et un chandail rose, discutant avec deux personnes dans un caf\u00e9.\" srcset=\"https:\/\/nbliberal.ca\/wp-content\/uploads\/inthecommunity_06.webp 1086w, https:\/\/nbliberal.ca\/wp-content\/uploads\/inthecommunity_06-300x201.webp 300w, https:\/\/nbliberal.ca\/wp-content\/uploads\/inthecommunity_06-1024x685.webp 1024w, https:\/\/nbliberal.ca\/wp-content\/uploads\/inthecommunity_06-768x513.webp 768w\" sizes=\"auto, (max-width: 1086px) 100vw, 1086px\" \/><\/figure><\/li><li class=\"item\" data-src=\"https:\/\/nbliberal.ca\/wp-content\/uploads\/inthecommunity_05-1024x684.webp\"><figure><img loading=\"lazy\" decoding=\"async\" width=\"1090\" height=\"728\" src=\"https:\/\/nbliberal.ca\/wp-content\/uploads\/inthecommunity_05.webp\" class=\"attachment-full size-full\" alt=\"Susan Holt portant un masque de protection et un veston \u00e0 carreaux, dans une chambre d&#039;h\u00f4pital, discutant avec une professionnelle de la sant\u00e9.\" srcset=\"https:\/\/nbliberal.ca\/wp-content\/uploads\/inthecommunity_05.webp 1090w, https:\/\/nbliberal.ca\/wp-content\/uploads\/inthecommunity_05-300x200.webp 300w, https:\/\/nbliberal.ca\/wp-content\/uploads\/inthecommunity_05-1024x684.webp 1024w, https:\/\/nbliberal.ca\/wp-content\/uploads\/inthecommunity_05-768x513.webp 768w\" sizes=\"auto, (max-width: 1090px) 100vw, 1090px\" \/><\/figure><\/li><li class=\"item\" data-src=\"https:\/\/nbliberal.ca\/wp-content\/uploads\/inthecommunity_04-1024x673.webp\"><figure><img loading=\"lazy\" decoding=\"async\" width=\"1102\" height=\"724\" src=\"https:\/\/nbliberal.ca\/wp-content\/uploads\/inthecommunity_04.webp\" class=\"attachment-full size-full\" alt=\"Susan Holt, portant un veston bleu marine, se pointant du doigt et parlant \u00e0 un groupe de personnes dans un caf\u00e9.\" srcset=\"https:\/\/nbliberal.ca\/wp-content\/uploads\/inthecommunity_04.webp 1102w, https:\/\/nbliberal.ca\/wp-content\/uploads\/inthecommunity_04-300x197.webp 300w, https:\/\/nbliberal.ca\/wp-content\/uploads\/inthecommunity_04-1024x673.webp 1024w, https:\/\/nbliberal.ca\/wp-content\/uploads\/inthecommunity_04-768x505.webp 768w\" sizes=\"auto, (max-width: 1102px) 100vw, 1102px\" \/><\/figure><\/li><li class=\"item\" data-src=\"https:\/\/nbliberal.ca\/wp-content\/uploads\/inthecommunity_03-1024x686.webp\"><figure><img loading=\"lazy\" decoding=\"async\" width=\"1092\" height=\"732\" src=\"https:\/\/nbliberal.ca\/wp-content\/uploads\/inthecommunity_03.webp\" class=\"attachment-full size-full\" alt=\"Susan Holt \u00e9treignant son mari, Jon Holt, lors du Congr\u00e8s biennal \u00e0 Fredericton.\" srcset=\"https:\/\/nbliberal.ca\/wp-content\/uploads\/inthecommunity_03.webp 1092w, https:\/\/nbliberal.ca\/wp-content\/uploads\/inthecommunity_03-300x201.webp 300w, https:\/\/nbliberal.ca\/wp-content\/uploads\/inthecommunity_03-1024x686.webp 1024w, https:\/\/nbliberal.ca\/wp-content\/uploads\/inthecommunity_03-768x515.webp 768w\" sizes=\"auto, (max-width: 1092px) 100vw, 1092px\" \/><\/figure><\/li><li class=\"item\" data-src=\"https:\/\/nbliberal.ca\/wp-content\/uploads\/inthecommunity_02-1024x688.webp\"><figure><img loading=\"lazy\" decoding=\"async\" width=\"1084\" height=\"728\" src=\"https:\/\/nbliberal.ca\/wp-content\/uploads\/inthecommunity_02.webp\" class=\"attachment-full size-full\" alt=\"Susan Holt, riant avec deux autres personnes, lors du Souper de la cheffe, \u00e0 Moncton, au Nouveau-Brunswick.\" srcset=\"https:\/\/nbliberal.ca\/wp-content\/uploads\/inthecommunity_02.webp 1084w, https:\/\/nbliberal.ca\/wp-content\/uploads\/inthecommunity_02-300x201.webp 300w, https:\/\/nbliberal.ca\/wp-content\/uploads\/inthecommunity_02-1024x688.webp 1024w, https:\/\/nbliberal.ca\/wp-content\/uploads\/inthecommunity_02-768x516.webp 768w\" sizes=\"auto, (max-width: 1084px) 100vw, 1084px\" \/><\/figure><\/li><li class=\"item\" data-src=\"https:\/\/nbliberal.ca\/wp-content\/uploads\/inthecommunity_01-1024x688.webp\"><figure><img loading=\"lazy\" decoding=\"async\" width=\"1084\" height=\"728\" src=\"https:\/\/nbliberal.ca\/wp-content\/uploads\/inthecommunity_01.webp\" class=\"attachment-full size-full\" alt=\"Susan Holt, portant un veston beige et discutant avec deux personnes dans un caf\u00e9.\" srcset=\"https:\/\/nbliberal.ca\/wp-content\/uploads\/inthecommunity_01.webp 1084w, https:\/\/nbliberal.ca\/wp-content\/uploads\/inthecommunity_01-300x201.webp 300w, https:\/\/nbliberal.ca\/wp-content\/uploads\/inthecommunity_01-1024x688.webp 1024w, https:\/\/nbliberal.ca\/wp-content\/uploads\/inthecommunity_01-768x516.webp 768w\" sizes=\"auto, (max-width: 1084px) 100vw, 1084px\" \/><\/figure><\/li><\/ul><\/figure><\/div>\n<\/section>\n","protected":false},"excerpt":{"rendered":"","protected":false},"author":5,"featured_media":0,"parent":0,"menu_order":0,"comment_status":"closed","ping_status":"closed","template":"","meta":{"_seopress_robots_primary_cat":"","_seopress_titles_title":"","_seopress_titles_desc":"","_seopress_robots_index":"","_price":"","_stock":"","_tribe_ticket_header":"","_tribe_default_ticket_provider":"","_tribe_ticket_capacity":"0","_ticket_start_date":"","_ticket_end_date":"","_tribe_ticket_show_description":"","_tribe_ticket_show_not_going":false,"_tribe_ticket_use_global_stock":"","_tribe_ticket_global_stock_level":"","_global_stock_mode":"","_global_stock_cap":"","_tribe_rsvp_for_event":"","_tribe_ticket_going_count":"","_tribe_ticket_not_going_count":"","_tribe_tickets_list":"[]","_tribe_ticket_has_attendee_info_fields":false,"footnotes":"","_tec_slr_enabled":"","_tec_slr_layout":""},"class_list":["post-11595","page","type-page","status-publish","hentry"],"meta_box":[],"ticketed":false,"_links":{"self":[{"href":"https:\/\/nbliberal.ca\/fr\/wp-json\/wp\/v2\/pages\/11595","targetHints":{"allow":["GET"]}}],"collection":[{"href":"https:\/\/nbliberal.ca\/fr\/wp-json\/wp\/v2\/pages"}],"about":[{"href":"https:\/\/nbliberal.ca\/fr\/wp-json\/wp\/v2\/types\/page"}],"author":[{"embeddable":true,"href":"https:\/\/nbliberal.ca\/fr\/wp-json\/wp\/v2\/users\/5"}],"replies":[{"embeddable":true,"href":"https:\/\/nbliberal.ca\/fr\/wp-json\/wp\/v2\/comments?post=11595"}],"version-history":[{"count":1,"href":"https:\/\/nbliberal.ca\/fr\/wp-json\/wp\/v2\/pages\/11595\/revisions"}],"predecessor-version":[{"id":11596,"href":"https:\/\/nbliberal.ca\/fr\/wp-json\/wp\/v2\/pages\/11595\/revisions\/11596"}],"wp:attachment":[{"href":"https:\/\/nbliberal.ca\/fr\/wp-json\/wp\/v2\/media?parent=11595"}],"curies":[{"name":"wp","href":"https:\/\/api.w.org\/{rel}","templated":true}]}}