{"id":10867,"date":"2024-04-13T08:28:14","date_gmt":"2024-04-13T12:28:14","guid":{"rendered":"https:\/\/wordpress-403092-4429197.cloudwaysapps.com\/presidents-de-circonscriptions\/"},"modified":"2026-03-31T17:10:39","modified_gmt":"2026-03-31T21:10:39","slug":"presidents-de-circonscriptions","status":"publish","type":"page","link":"https:\/\/nbliberal.ca\/fr\/presidents-de-circonscriptions\/","title":{"rendered":"Pr\u00e9sidents de circonscriptions"},"content":{"rendered":"\n<section class=\"wp-block-wp-expert-new-wpe-section-container\">\n<div class=\"wp-block-wp-expert-new-wpe-container container\">\n<h1 style=\"color:var(--brand-color-1);font-size:2.2rem;font-weight:500\">PR\u00c9SIDENTS DE CIRCONSCRIPTIONS<\/h1>\n\n\n\n<p><br><strong><mark style=\"background-color:rgba(0, 0, 0, 0)\" class=\"has-inline-color has-brand-1-color\">Restigouche-Ouest<br><\/mark><\/strong><mark style=\"background-color:rgba(0, 0, 0, 0)\" class=\"has-inline-color has-black-color\">Maurice Power<br>mmpower@nbnet.nb.ca<\/mark><\/p>\n\n\n\n<p><strong><mark style=\"background-color:rgba(0, 0, 0, 0)\" class=\"has-inline-color has-brand-1-color\">Restigouche-Est<\/mark><\/strong><br>Justin D&rsquo;Entremont<br>justin5824@gmail.com<\/p>\n\n\n\n<p><strong><mark style=\"background-color:rgba(0, 0, 0, 0)\" class=\"has-inline-color has-brand-1-color\">Belle-Baie-Belledune<br><\/mark><\/strong>Stephane LeBlanc<br>lastman_14@hotmail.com<\/p>\n\n\n\n<p><strong><mark style=\"background-color:rgba(0, 0, 0, 0)\" class=\"has-inline-color has-brand-1-color\">Bathurst<br><\/mark><\/strong>Rickey Hondas<br>r_hondas@hotmail.com<\/p>\n\n\n\n<p><strong><mark style=\"background-color:rgba(0, 0, 0, 0)\" class=\"has-inline-color has-brand-1-color\">Hautes-Terres-Nepisiguit<br><\/mark><\/strong>George Daley<br>daleygcr@gmail.com<\/p>\n\n\n\n<p><strong><mark style=\"background-color:rgba(0, 0, 0, 0)\" class=\"has-inline-color has-brand-1-color\">Caraquet<br><\/mark><\/strong>Vacant<\/p>\n\n\n\n<p><strong><mark style=\"background-color:rgba(0, 0, 0, 0)\" class=\"has-inline-color has-brand-1-color\">Shippagan-Les-\u00celes<br><\/mark><\/strong>Odette Robichaud<br>Orobichaud0327@gmail.com<\/p>\n\n\n\n<p><strong><mark style=\"background-color:rgba(0, 0, 0, 0)\" class=\"has-inline-color has-brand-1-color\">Tracadie<\/mark><\/strong><br>Linus Robichaud<br>alberte55@hotmail.com<\/p>\n\n\n\n<p><strong><mark style=\"background-color:rgba(0, 0, 0, 0)\" class=\"has-inline-color has-brand-1-color\">Baie-de-Miramichi-Neguac<br><\/mark><\/strong>Wayne Bushey<br>sharonwayne3@hotmail.com<\/p>\n\n\n\n<p><strong><mark style=\"background-color:rgba(0, 0, 0, 0)\" class=\"has-inline-color has-brand-1-color\">Miramichi-Est<br><\/mark><\/strong>Sylvia Sargent (Acting)<br>s.sargent@rogers.com<\/p>\n\n\n\n<p><strong><mark style=\"background-color:rgba(0, 0, 0, 0)\" class=\"has-inline-color has-brand-1-color\">Miramichi-Ouest<br><\/mark><\/strong>Marilyn Underhill<br>marilynbef@gmail.com<\/p>\n\n\n\n<p><strong><mark style=\"background-color:rgba(0, 0, 0, 0)\" class=\"has-inline-color has-brand-1-color\">Kent-Nord<br><\/mark><\/strong>Diane Doiron<br>diane.doiron@icloud.com<\/p>\n\n\n\n<p><strong><mark style=\"background-color:rgba(0, 0, 0, 0)\" class=\"has-inline-color has-brand-1-color\">Beausoleil-Grand-Bouctouche-Kent<br><\/mark><\/strong>Aurela Landry<br>aurelalandry@hotmail.com<\/p>\n\n\n\n<p><strong><mark style=\"background-color:rgba(0, 0, 0, 0)\" class=\"has-inline-color has-brand-1-color\">Baie-de-Shediac-Dieppe<br><\/mark><\/strong>Francis LeBlanc<br>phijumar@nbnet.nb.ca<\/p>\n\n\n\n<p><strong><mark style=\"background-color:rgba(0, 0, 0, 0)\" class=\"has-inline-color has-brand-1-color\">Shediac-Cap-Acadie<br><\/mark><\/strong>Bernard Gautreau<br>geautreaubernard@rogers.com<\/p>\n\n\n\n<p><strong><mark style=\"background-color:rgba(0, 0, 0, 0)\" class=\"has-inline-color has-brand-1-color\">Tantramar<br><\/mark><\/strong>Merill Fullerton<br>merrillfullerton@hotmail.com<\/p>\n\n\n\n<p><strong><mark style=\"background-color:rgba(0, 0, 0, 0)\" class=\"has-inline-color has-brand-1-color\">Dieppe-Memramcook<br><\/mark><\/strong>Paulette Richard<br>paulette.richard@rogers.com<\/p>\n\n\n\n<p><strong><mark style=\"background-color:rgba(0, 0, 0, 0)\" class=\"has-inline-color has-brand-1-color\">Moncton-Est<br><\/mark><\/strong>Raymond Bourque<br>rbourqu3@gmail.com<\/p>\n\n\n\n<p><strong><mark style=\"background-color:rgba(0, 0, 0, 0)\" class=\"has-inline-color has-brand-1-color\">Moncton-Centre<br><\/mark><\/strong>Lillian Surette<br>lillians@nbnet.nb.ca<\/p>\n\n\n\n<p><strong><mark style=\"background-color:rgba(0, 0, 0, 0)\" class=\"has-inline-color has-brand-1-color\">Moncton-Sud<br><\/mark><\/strong>Tracey Suley<br>suleytracey@gmail.com<\/p>\n\n\n\n<p><strong><mark style=\"background-color:rgba(0, 0, 0, 0)\" class=\"has-inline-color has-brand-1-color\">Moncton-Nord-Ouest<br><\/mark><\/strong>Ronald Levasseur<br>carmellev@hotmail.com<\/p>\n\n\n\n<p><strong><mark style=\"background-color:rgba(0, 0, 0, 0)\" class=\"has-inline-color has-brand-1-color\">Champdor\u00e9-Irishtown<br><\/mark><\/strong>Nicole Marquis<br>nicolemarquis3@gmail.com<\/p>\n\n\n\n<p><strong><mark style=\"background-color:rgba(0, 0, 0, 0)\" class=\"has-inline-color has-brand-1-color\">Riverview<br><\/mark><\/strong>Vacant<\/p>\n\n\n\n<p><strong><mark style=\"background-color:rgba(0, 0, 0, 0)\" class=\"has-inline-color has-brand-1-color\">Albert-Riverview<br><\/mark><\/strong>Vacant<\/p>\n\n\n\n<p><strong><mark style=\"background-color:rgba(0, 0, 0, 0)\" class=\"has-inline-color has-brand-1-color\">Arcadia-Butternut Valley-Maple Hills<br><\/mark><\/strong>Peter Knight<br>p52knight@gmail.com<\/p>\n\n\n\n<p><strong><mark style=\"background-color:rgba(0, 0, 0, 0)\" class=\"has-inline-color has-brand-1-color\">Sussex-Three Rivers<br><\/mark><\/strong>Sheri Shannon<br>sherishannon1971@outlook.com<\/p>\n\n\n\n<p><strong><mark style=\"background-color:rgba(0, 0, 0, 0)\" class=\"has-inline-color has-brand-1-color\">Hampton-Fundy-St. Martins<br><\/mark><\/strong>Brian LeBail<br>blebail@gmail.com<\/p>\n\n\n\n<p><strong><mark style=\"background-color:rgba(0, 0, 0, 0)\" class=\"has-inline-color has-brand-1-color\">Quispamsis<br><\/mark><\/strong>Robert Hunt<br>robert.hunt@fundyeng.com<\/p>\n\n\n\n<p><strong><mark style=\"background-color:rgba(0, 0, 0, 0)\" class=\"has-inline-color has-brand-1-color\">Rothesay<br><\/mark><\/strong>James Davis Schryer<br>davis@remax-sjnb.com<\/p>\n\n\n\n<p><strong><mark style=\"background-color:rgba(0, 0, 0, 0)\" class=\"has-inline-color has-brand-1-color\">Saint John-Est<br><\/mark><\/strong>Bob Bonner<br>rbonner321@gmail.com<\/p>\n\n\n\n<p><strong><mark style=\"background-color:rgba(0, 0, 0, 0)\" class=\"has-inline-color has-brand-1-color\">Saint John Portland-Simonds<br><\/mark><\/strong>David Fleming<br>dfleming2@gmail.com<\/p>\n\n\n\n<p><strong><mark style=\"background-color:rgba(0, 0, 0, 0)\" class=\"has-inline-color has-brand-1-color\">Saint John Harbour<br><\/mark><\/strong>Jim McLaughlin<br>trainer121_jm@hotmail.com<\/p>\n\n\n\n<p><strong><mark style=\"background-color:rgba(0, 0, 0, 0)\" class=\"has-inline-color has-brand-1-color\">Saint John-Ouest-Lancaster<br><\/mark><\/strong>Shane Cassidy<br>shanecassidy07@gmail.com<\/p>\n\n\n\n<p><strong><mark style=\"background-color:rgba(0, 0, 0, 0)\" class=\"has-inline-color has-brand-1-color\">Kings-Centre<br><\/mark><\/strong>Kelly Thompson<br>kelly_w-1212@hotmail.com<\/p>\n\n\n\n<p><strong><mark style=\"background-color:rgba(0, 0, 0, 0)\" class=\"has-inline-color has-brand-1-color\">Fundy-The Isles-Saint John Lorneville<br><\/mark><\/strong>Vacant<\/p>\n\n\n\n<p><strong><mark style=\"background-color:rgba(0, 0, 0, 0)\" class=\"has-inline-color has-brand-1-color\">Sainte-Croix<br><\/mark><\/strong>Timothy Baxter<br>tbax1977@gmail.com<\/p>\n\n\n\n<p><strong><mark style=\"background-color:rgba(0, 0, 0, 0)\" class=\"has-inline-color has-brand-1-color\">Oromocto-Sunbury<br><\/mark><\/strong>Marty Forsythe<br>marty.forsythe@sunlife.com<\/p>\n\n\n\n<p><strong><mark style=\"background-color:rgba(0, 0, 0, 0)\" class=\"has-inline-color has-brand-1-color\">Fredericton-Grand Lake<br><\/mark><\/strong>Eldon Hunter<br>eldonhunter999@gmail.com<\/p>\n\n\n\n<p><strong><mark style=\"background-color:rgba(0, 0, 0, 0)\" class=\"has-inline-color has-brand-1-color\">Fredericton-Lincoln<br><\/mark><\/strong>Joni Leger (Par int\u00e9rim)<\/p>\n\n\n\n<p><strong><mark style=\"background-color:rgba(0, 0, 0, 0)\" class=\"has-inline-color has-brand-1-color\">Fredericton-Sud-Silverwood<br><\/mark><\/strong>Marilyn Luscombe<br>marilynluscombe@gmail.com<\/p>\n\n\n\n<p><strong><mark style=\"background-color:rgba(0, 0, 0, 0)\" class=\"has-inline-color has-brand-1-color\">Fredericton-Nord<br><\/mark><\/strong>Jasmine Graham<br>jasmineksgraham@gmail.com<\/p>\n\n\n\n<p><strong><mark style=\"background-color:rgba(0, 0, 0, 0)\" class=\"has-inline-color has-brand-1-color\">Fredericton-York<br><\/mark><\/strong>Eran Jones<br>eranjonesfy@gmail.com<\/p>\n\n\n\n<p><strong><mark style=\"background-color:rgba(0, 0, 0, 0)\" class=\"has-inline-color has-brand-1-color\">Hanwell-New Maryland<br><\/mark><\/strong>Lisa Ley<br>jimley12@gmail.com<\/p>\n\n\n\n<p><strong><mark style=\"background-color:rgba(0, 0, 0, 0)\" class=\"has-inline-color has-brand-1-color\">Carleton-York<br><\/mark><\/strong>Bev Forbes<br>bev.forbes85@gmail.com<\/p>\n\n\n\n<p><strong><mark style=\"background-color:rgba(0, 0, 0, 0)\" class=\"has-inline-color has-brand-1-color\">Woodstock-Hartland<br><\/mark><\/strong>Holly Potter<br>potterhollyf@gmail.com<\/p>\n\n\n\n<p><strong><mark style=\"background-color:rgba(0, 0, 0, 0)\" class=\"has-inline-color has-brand-1-color\">Carleton-Victoria<br><\/mark><\/strong>Vacant<\/p>\n\n\n\n<p><strong><mark style=\"background-color:rgba(0, 0, 0, 0)\" class=\"has-inline-color has-brand-1-color\">Grand-Sault-Vall\u00e9e-des-Rivi\u00e8res-Saint-Quentin<br><\/mark><\/strong>Jean S\u00e9bastien Roy<br>jsroy73@hotmail.com<\/p>\n\n\n\n<p><strong><mark style=\"background-color:rgba(0, 0, 0, 0)\" class=\"has-inline-color has-brand-1-color\">Edmundston-Vall\u00e9e-des-Rivi\u00e8res<br><\/mark><\/strong>H\u00e9l\u00e8ne S\u00e9bastien Roy<br>jsroy73@hotmail.com<\/p>\n\n\n\n<p><strong><mark style=\"background-color:rgba(0, 0, 0, 0)\" class=\"has-inline-color has-brand-1-color\">Madawaska-Les-Lacs-Edmundston<br><\/mark><\/strong>Marie-Jos\u00e9e Michaud<br>mj.michaud27@gmail.com<\/p>\n<\/div>\n<\/section>\n","protected":false},"excerpt":{"rendered":"","protected":false},"author":5,"featured_media":0,"parent":0,"menu_order":0,"comment_status":"closed","ping_status":"closed","template":"","meta":{"_seopress_robots_primary_cat":"","_seopress_titles_title":"","_seopress_titles_desc":"","_seopress_robots_index":"","_price":"","_stock":"","_tribe_ticket_header":"","_tribe_default_ticket_provider":"","_tribe_ticket_capacity":"0","_ticket_start_date":"","_ticket_end_date":"","_tribe_ticket_show_description":"","_tribe_ticket_show_not_going":false,"_tribe_ticket_use_global_stock":"","_tribe_ticket_global_stock_level":"","_global_stock_mode":"","_global_stock_cap":"","_tribe_rsvp_for_event":"","_tribe_ticket_going_count":"","_tribe_ticket_not_going_count":"","_tribe_tickets_list":"[]","_tribe_ticket_has_attendee_info_fields":false,"footnotes":"","_tec_slr_enabled":"","_tec_slr_layout":""},"class_list":["post-10867","page","type-page","status-publish","hentry"],"meta_box":[],"ticketed":false,"_links":{"self":[{"href":"https:\/\/nbliberal.ca\/fr\/wp-json\/wp\/v2\/pages\/10867","targetHints":{"allow":["GET"]}}],"collection":[{"href":"https:\/\/nbliberal.ca\/fr\/wp-json\/wp\/v2\/pages"}],"about":[{"href":"https:\/\/nbliberal.ca\/fr\/wp-json\/wp\/v2\/types\/page"}],"author":[{"embeddable":true,"href":"https:\/\/nbliberal.ca\/fr\/wp-json\/wp\/v2\/users\/5"}],"replies":[{"embeddable":true,"href":"https:\/\/nbliberal.ca\/fr\/wp-json\/wp\/v2\/comments?post=10867"}],"version-history":[{"count":3,"href":"https:\/\/nbliberal.ca\/fr\/wp-json\/wp\/v2\/pages\/10867\/revisions"}],"predecessor-version":[{"id":108785,"href":"https:\/\/nbliberal.ca\/fr\/wp-json\/wp\/v2\/pages\/10867\/revisions\/108785"}],"wp:attachment":[{"href":"https:\/\/nbliberal.ca\/fr\/wp-json\/wp\/v2\/media?parent=10867"}],"curies":[{"name":"wp","href":"https:\/\/api.w.org\/{rel}","templated":true}]}}